{"id":36811,"date":"2024-11-22T11:04:16","date_gmt":"2024-11-22T10:04:16","guid":{"rendered":"https:\/\/www.hegelmann.com\/?page_id=36811"},"modified":"2026-04-07T08:47:12","modified_gmt":"2026-04-07T06:47:12","slug":"country-contacts","status":"publish","type":"page","link":"https:\/\/www.hegelmann.com\/zh\/country-contacts\/","title":{"rendered":"Country contacts"},"content":{"rendered":"<div>\n<p>    <img decoding=\"async\" src=\"\/wp-content\/uploads\/2022\/02\/hegelmann-car-trailer-5.png\" alt=\"\"><\/p>\n<\/div>\n<h1>\n<p>Looking for contact details? <br \/><em>Choose country<\/em><\/p>\n<\/h1>\n<ul>\n<li>\n<p>        <img decoding=\"async\" src=\"\/wp-content\/uploads\/2022\/04\/lt.svg\" alt=\"Lietuvi\u0173 kalba\"><\/p>\n<h3>LIthuania<\/h3>\n<div>\n<p>+370 37 788 600<br \/>info.lt@hegelmann.com<\/p>\n<p><strong>UAB Hegelmann transporte<\/strong><br \/><span>Pirkli\u0173 g. 5, \u017demaitkiemis,<\/span><br \/><span>LT-54310 Kauno r.<\/span><br \/><span>Lietuva<\/span><\/p>\n<\/div>\n<\/li>\n<li>\n<p>        <img decoding=\"async\" src=\"\/wp-content\/uploads\/2022\/04\/de.svg\" alt=\"German flag\"><\/p>\n<h3>Germany<\/h3>\n<div>\n<p>+49 7251 32192 012<br \/>info.de@hegelmann.com<\/p>\n<p><strong>Hegelmann Express GmbH<\/strong><br \/><span>Heinrich-Blanc-Stra\u00dfe 30<\/span><br \/><span>76646 Bruchsal<\/span><br \/><span>Germany<\/span><\/p>\n<\/div>\n<\/li>\n<li>\n<p>        <img decoding=\"async\" src=\"\/wp-content\/uploads\/2023\/08\/moc-readipn-1.png\" alt=\"Morocco\"><\/p>\n<h3>Morocco<\/h3>\n<div>\n<p>+212 (0) 663 262 992<br \/>mar.info@hegelmann.com<\/p>\n<p><strong>Hegelmann Maghreb SARL<br \/><\/strong><span>7 Rue Sebta, R\u00e9sidence Rami 2\u00e8me \u00e9tage, <br \/>Bureau 8, <\/span><span>Casablanca,<\/span><br \/><span>Morocco<\/span><\/p>\n<\/div>\n<\/li>\n<li>\n<p>        <img decoding=\"async\" src=\"\/wp-content\/uploads\/2022\/04\/fr.svg\" alt=\"France\"><\/p>\n<h3>France<\/h3>\n<div>\n<p>+33 634 698 637<br \/>france@hegelmann.com<\/p>\n<p><strong>Hegelmann Logistics France SARL<\/strong><br \/><span>Rue de la Caille<\/span><br \/><span>71880 Chatenoy le Royal<br \/>France<\/span><\/p>\n<\/div>\n<\/li>\n<li>\n<p>        <img decoding=\"async\" src=\"\/wp-content\/uploads\/2022\/04\/pl.svg\" alt=\"Polish Poland\"><\/p>\n<h3>Poland<\/h3>\n<div>\n<p>+48 34 3444 905<br \/>info.pl@hegelmann.com<\/p>\n<p><strong>Hegelmann Transporte Sp. z o.o.<\/strong><br \/><span>Konwaliowa 144<\/span><br \/><span>PL 42-280 Cz\u0119stochowa<\/span><br \/><span>Poland<\/span><\/p>\n<\/div>\n<\/li>\n<li>\n<p>        <img decoding=\"async\" src=\"\/wp-content\/uploads\/2022\/11\/tr.svg\" alt=\"Turkey - Turkish language\"><\/p>\n<h3>T\u00fcrkiye<\/h3>\n<div>\n<p>+902162350824 <br \/>istanbul@hegelmann.com<\/p>\n<p><strong>Hegelmann Multimodal Lojistik A.S<\/strong><br \/>Baris Mah. Necip Fazil Kisakurek Sk. Lotus C Blok No:1 Ic Kap\u0131 No:16 Beylikduzu &#8211; Istanbul \/ T\u00fcrkiye<\/p>\n<\/div>\n<\/li>\n<li>\n<p>        <img decoding=\"async\" src=\"\/wp-content\/uploads\/2023\/02\/cz.svg\" alt=\"Czech\"><\/p>\n<h3>Czech<\/h3>\n<div>\n<p>+420 771 504 333<br \/>info.cz@hegelmann.com<\/p>\n<p><strong>Hegelmann Transporte S.R.O<\/strong><br \/><span><span class=\"ui-provider a b c d e f g h i j k l m n o p q r s t u v w x y z ab ac ae af ag ah ai aj ak\" dir=\"ltr\">Kolbenova 1021\/9<\/span><\/span><span>,<\/span><br \/><span>190 00, Praha<\/span><br \/><span>\u010cesk\u00e1 Republika<\/span><\/p>\n<\/div>\n<\/li>\n<li>\n<p>        <img decoding=\"async\" src=\"\/wp-content\/uploads\/2022\/04\/cn.svg\" alt=\"chinese\"><\/p>\n<h3>China<\/h3>\n<div>\n<p>+8615360688874<br \/>lchenyu@hegelmann.com<br \/>Wechat:15360688874<\/p>\n<p><strong>Hegelmann (Guangzhou) International Freight Forwarding Ltd<\/strong><br \/>Room 2101.2104, 21F, No.195-197, Yanjiang Middle Road, Yuexiu District, Guangzhou<\/p>\n<\/div>\n<\/li>\n<li>\n<p>        <img decoding=\"async\" src=\"\/wp-content\/uploads\/2024\/08\/azerbaijan.svg\" alt=\"Flag AZ\"><\/p>\n<h3>Azerbaijan<\/h3>\n<div>\n<p><span data-teams=\"true\">+994103110933<\/span><br \/>albayramov@hegelmann.com<\/p>\n<p><strong>Hegelmann Multimodal<\/strong><br \/><span>Caspian Plaza, building 3, Floor 5, office 504.\u00a0 Yasamal district, Jafar Jabbarli 44.\u00a0 AZ1065, Baku, Azerbaijan.<\/span><\/p>\n<\/div>\n<\/li>\n<li>\n<p>        <img decoding=\"async\" src=\"\/wp-content\/uploads\/2024\/11\/usa-flag.svg\" alt=\"USA\"><\/p>\n<h3>USA<\/h3>\n<div>\n<p>+1 888 407 4262<br \/>info.usa@hegelmann.com<\/p>\n<p><strong>Hegelmann USA<\/strong><br \/>1124 Windham Pkwy<br \/>Romeoville, IL 60446<br \/>USA<\/p>\n<\/div>\n<\/li>\n<li>\n<p>        <img decoding=\"async\" src=\"\/wp-content\/uploads\/2025\/03\/latvia.svg\" alt=\"Latvia flag\"><\/p>\n<h3>Latvia<\/h3>\n<div>\n<p><span data-teams=\"true\">+371 278 90445<\/span><br \/>lradzina@hegelmann.com<\/p>\n<p><strong>Hegelmann Multimodal SIA<\/strong><br \/>Lambertu iela 33b, M\u0101rupe, <br \/>M\u0101rupes pagasts, M\u0101rupes novads,<br \/>LV-2167, Latvia<\/p>\n<\/div>\n<\/li>\n<li>\n<p>        <img decoding=\"async\" src=\"\/wp-content\/uploads\/2022\/04\/gb.svg\" alt=\"uk flag\"><\/p>\n<h3>United Kingdom<\/h3>\n<div>\n<p>+447764327195<\/p>\n<p>sales.uk@hegelmann.com<br \/>irichardson@hegelmann.com<\/p>\n<p>Create Business Hub, Kings House 101-135 Kings Road, Brentwood, <br \/>CM14 4DR, United Kingdom<\/p>\n<\/div>\n<\/li>\n<\/ul>\n<div>\n<style>\n    .contact_footer {\n        display: none;\n    }\n<\/style>\n<\/div>\n<p><!--more--><br \/>\n<!-- {\"type\":\"layout\",\"children\":[{\"type\":\"section\",\"props\":{\"header_transparent\":true,\"header_transparent_noplaceholder\":true,\"header_transparent_text_color\":\"light\",\"image_position\":\"center-center\",\"padding\":\"none\",\"style\":\"default\",\"title_breakpoint\":\"xl\",\"title_position\":\"top-left\",\"title_rotation\":\"left\",\"vertical_align\":\"\",\"width\":\"\"},\"children\":[{\"type\":\"row\",\"children\":[{\"type\":\"column\",\"props\":{\"image_position\":\"center-center\",\"position_sticky_breakpoint\":\"m\"},\"children\":[{\"type\":\"slideshow\",\"props\":{\"container_padding_remove\":false,\"link_style\":\"default\",\"link_text\":\"Read more\",\"margin\":\"\",\"meta_align\":\"below-title\",\"meta_element\":\"div\",\"meta_style\":\"text-meta\",\"nav\":\"dotnav\",\"nav_align\":\"center\",\"nav_breakpoint\":\"s\",\"nav_position\":\"bottom-center\",\"nav_position_margin\":\"medium\",\"overlay_animation\":\"parallax\",\"overlay_position\":\"bottom-center\",\"show_content\":true,\"show_link\":true,\"show_meta\":true,\"show_thumbnail\":true,\"show_title\":true,\"slidenav\":\"\",\"slidenav_breakpoint\":\"s\",\"slidenav_margin\":\"medium\",\"slidenav_outside_breakpoint\":\"xl\",\"slideshow_autoplay\":true,\"slideshow_autoplay_pause\":false,\"slideshow_kenburns\":\"center-center\",\"slideshow_max_height\":\"650\",\"slideshow_min_height\":\"200\",\"thumbnav_height\":\"75\",\"thumbnav_svg_color\":\"emphasis\",\"thumbnav_width\":\"100\",\"title_element\":\"h1\",\"title_hover_style\":\"reset\"},\"children\":[{\"type\":\"slideshow_item\",\"props\":{\"image\":\"wp-content\\\/uploads\\\/2022\\\/02\\\/hegelmann-car-trailer-5.png\",\"text_color\":\"light\"}}]}]}]}],\"name\":\"Country-contacts\"},{\"type\":\"section\",\"props\":{\"image_position\":\"center-center\",\"style\":\"default\",\"title_breakpoint\":\"xl\",\"title_position\":\"top-left\",\"title_rotation\":\"left\",\"vertical_align\":\"middle\",\"width\":\"default\"},\"children\":[{\"type\":\"row\",\"children\":[{\"type\":\"column\",\"props\":{\"image_position\":\"center-center\",\"position_sticky_breakpoint\":\"m\"},\"children\":[{\"type\":\"headline\",\"props\":{\"content\":\"\n\n<p>Looking for contact details? <br \\\/><em>Choose country<\\\/em><\\\/p>\",\"content_az\":\"\\u018flaq\\u0259 m\\u0259lumatlar\\u0131n\\u0131 axtar\\u0131rs\\u0131n\\u0131z?<br \\\/><em>\\u00d6lk\\u0259 se\\u00e7in<\\\/em>\",\"content_cs_cz\":\"Hled\\u00e1te kontaktn\\u00ed \\u00fadaje?<br \\\/><em>Vyberte si zemi<\\\/em>\",\"content_de_de\":\"Suchen Sie nach Kontaktinformationen?<br \\\/><em>Land w\\u00e4hlen<\\\/em>\",\"content_fr_ca\":\"Vous cherchez les coordonn\\u00e9es d'un contact ?<br \\\/><em>Choisissez un pays<\\\/em>\",\"content_fr_fr\":\"Vous cherchez les coordonn\\u00e9es d'un contact ?<br \\\/><em>Choisissez un pays<\\\/em>\",\"content_it_it\":\"Cercate i dettagli di contatto?<br \\\/><em>Scegliere il paese<\\\/em>\",\"content_lt_lt\":\"Ie\\u0161kote kontaktin\\u0117s informacijos?<br \\\/><em>Pasirinkite \\u0161al\\u012f<\\\/em>\",\"content_pl_pl\":\"Szukasz danych kontaktowych?<br \\\/><em>Wybierz kraj<\\\/em>\",\"content_ru_ru\":\"\\u0418\\u0449\\u0435\\u0442\\u0435 \\u043a\\u043e\\u043d\\u0442\\u0430\\u043a\\u0442\\u043d\\u044b\\u0435 \\u0434\\u0430\\u043d\\u043d\\u044b\\u0435?<br \\\/><strong>\\u0412\\u044b\\u0431\\u0435\\u0440\\u0438\\u0442\\u0435 \\u0441\\u0442\\u0440\\u0430\\u043d\\u0443<\\\/strong>\",\"content_tr_tr\":\"\\u0130leti\\u015fim bilgilerini mi ar\\u0131yorsunuz?<br \\\/><em>\\u00dclke se\\u00e7in<\\\/em>\",\"content_uk\":\"\\u0428\\u0443\\u043a\\u0430\\u0454\\u0442\\u0435 \\u043a\\u043e\\u043d\\u0442\\u0430\\u043a\\u0442\\u043d\\u0443 \\u0456\\u043d\\u0444\\u043e\\u0440\\u043c\\u0430\\u0446\\u0456\\u044e?<br \\\/><em>\\u041e\\u0431\\u0435\\u0440\\u0456\\u0442\\u044c \\u043a\\u0440\\u0430\\u0457\\u043d\\u0443<\\\/em>\",\"content_zh_cn\":\"\\u67e5\\u627e\\u8054\\u7cfb\\u65b9\\u5f0f\\uff1f<br \\\/><em>\\u9009\\u62e9\\u56fd\\u5bb6<\\\/em>\",\"title_element\":\"h1\"}},{\"type\":\"grid\",\"props\":{\"content_column_breakpoint\":\"m\",\"filter\":true,\"filter_align\":\"left\",\"filter_all\":true,\"filter_all_label_lt_lt\":\"Visos \\u0161alys\",\"filter_grid_breakpoint\":\"m\",\"filter_grid_width\":\"auto\",\"filter_position\":\"top\",\"filter_style\":\"tab\",\"grid_default\":\"1\",\"grid_divider\":true,\"grid_medium\":\"3\",\"icon_width\":80,\"image_align\":\"top\",\"image_grid_breakpoint\":\"m\",\"image_grid_width\":\"auto\",\"image_svg_color\":\"emphasis\",\"image_width\":\"30\",\"item_animation\":true,\"lightbox_bg_close\":true,\"link_style\":\"default\",\"link_text\":\"Read more\",\"margin\":\"default\",\"meta_align\":\"below-title\",\"meta_element\":\"div\",\"meta_style\":\"text-meta\",\"show_content\":true,\"show_hover_image\":true,\"show_hover_video\":true,\"show_image\":true,\"show_link\":true,\"show_meta\":true,\"show_title\":true,\"show_video\":true,\"text_align\":\"center\",\"title_align\":\"top\",\"title_element\":\"h3\",\"title_grid_breakpoint\":\"m\",\"title_grid_width\":\"1-2\",\"title_hover_style\":\"reset\"},\"children\":[{\"type\":\"grid_item\",\"props\":{\"content\":\"\n\n<p>+370 37 788 600<br \\\/>info.lt@hegelmann.com<\\\/p>\\n\n\n<p><strong>UAB Hegelmann transporte<\\\/strong><br \\\/><span>Pirkli\\u0173 g. 5, \\u017demaitkiemis,<\\\/span><br \\\/><span>LT-54310 Kauno r.<\\\/span><br \\\/><span>Lietuva<\\\/span><\\\/p>\",\"image\":\"wp-content\\\/uploads\\\/2022\\\/04\\\/lt.svg\",\"image_alt\":\"Lietuvi\\u0173 kalba\",\"tags\":\"Lithuania\",\"tags_az\":\"Litva\",\"tags_cs_cz\":\"Litva\",\"tags_de_de\":\"Litauen\",\"tags_fr_ca\":\"Lituanie\",\"tags_fr_fr\":\"Lituanie\",\"tags_it_it\":\"Lituania\",\"tags_lt_lt\":\"Lietuva\",\"tags_pl_pl\":\"Litwa\",\"tags_ru_ru\":\"\\u041b\\u0438\\u0442\\u0432\\u0430\",\"tags_tr_tr\":\"Litvanya\",\"tags_uk\":\"\\u041b\\u0438\\u0442\\u0432\\u0430\",\"tags_zh_cn\":\"\\u7acb\\u9676\\u5b9b\",\"title\":\"LIthuania\",\"title_az\":\"Litva\",\"title_cs_cz\":\"Litva\",\"title_de_de\":\"Litauen\",\"title_fr_ca\":\"Lituanie\",\"title_fr_fr\":\"Lituanie\",\"title_it_it\":\"Lituania\",\"title_lt_lt\":\"Lietuva\",\"title_pl_pl\":\"Litwa\",\"title_ru_ru\":\"\\u041b\\u0438\\u0442\\u0432\\u0430\",\"title_tr_tr\":\"Litvanya\",\"title_uk\":\"\\u041b\\u0438\\u0442\\u0432\\u0430\",\"title_zh_cn\":\"\\u7acb\\u9676\\u5b9b\"}},{\"type\":\"grid_item\",\"props\":{\"content\":\"\n\n<p>+49 7251 32192 012<br \\\/>info.de@hegelmann.com<\\\/p>\\n\n\n<p><strong>Hegelmann Express GmbH<\\\/strong><br \\\/><span>Heinrich-Blanc-Stra\\u00dfe 30<\\\/span><br \\\/><span>76646 Bruchsal<\\\/span><br \\\/><span>Germany<\\\/span><\\\/p>\",\"image\":\"wp-content\\\/uploads\\\/2022\\\/04\\\/de.svg\",\"image_alt\":\"German flag\",\"tags\":\"Germany\",\"tags_az\":\"Almaniya\",\"tags_cs_cz\":\"N\\u011bmecko\",\"tags_de_de\":\"Deutschland\",\"tags_fr_ca\":\"Allemagne\",\"tags_fr_fr\":\"Allemagne\",\"tags_it_it\":\"Germania\",\"tags_lt_lt\":\"Vokietija\",\"tags_pl_pl\":\"Niemcy\",\"tags_ru_ru\":\"\\u0413\\u0435\\u0440\\u043c\\u0430\\u043d\\u0438\\u044f\",\"tags_tr_tr\":\"Almanya\",\"tags_uk\":\"\\u041d\\u0456\\u043c\\u0435\\u0447\\u0447\\u0438\\u043d\\u0430\",\"tags_zh_cn\":\"\\u5fb7\\u56fd\",\"title\":\"Germany\",\"title_az\":\"Almaniya\",\"title_cs_cz\":\"N\\u011bmecko\",\"title_de_de\":\"Deutschland\",\"title_fr_ca\":\"Allemagne\",\"title_fr_fr\":\"Allemagne\",\"title_it_it\":\"Germania\",\"title_lt_lt\":\"Vokietija\",\"title_pl_pl\":\"Niemcy\",\"title_ru_ru\":\"\\u0413\\u0435\\u0440\\u043c\\u0430\\u043d\\u0438\\u044f\",\"title_tr_tr\":\"Almanya\",\"title_uk\":\"\\u041d\\u0456\\u043c\\u0435\\u0447\\u0447\\u0438\\u043d\\u0430\",\"title_zh_cn\":\"\\u5fb7\\u56fd\"}},{\"type\":\"grid_item\",\"props\":{\"content\":\"\n\n<p>+212 (0) 663 262 992<br \\\/>mar.info@hegelmann.com<\\\/p>\\n\n\n<p><strong>Hegelmann Maghreb SARL<br \\\/><\\\/strong><span>7 Rue Sebta, R\\u00e9sidence Rami 2\\u00e8me \\u00e9tage, <br \\\/>Bureau 8, <\\\/span><span>Casablanca,<\\\/span><br \\\/><span>Morocco<\\\/span><\\\/p>\",\"image\":\"wp-content\\\/uploads\\\/2023\\\/08\\\/moc-readipn-1.png\",\"image_alt\":\"Morocco\",\"tags\":\"Morocco\",\"tags_az\":\"M\\u0259rake\\u015f\",\"tags_cs_cz\":\"Maroko\",\"tags_de_de\":\"Marokko\",\"tags_fr_ca\":\"Maroc\",\"tags_fr_fr\":\"Maroc\",\"tags_it_it\":\"Marocco\",\"tags_lt_lt\":\"Marokas\",\"tags_pl_pl\":\"Maroko\",\"tags_ru_ru\":\"\\u041c\\u0430\\u0440\\u043e\\u043a\\u043a\\u043e\",\"tags_tr_tr\":\"Fas\",\"tags_uk\":\"\\u041c\\u0430\\u0440\\u043e\\u043a\\u043a\\u043e\",\"tags_zh_cn\":\"\\u6469\\u6d1b\\u54e5\",\"title\":\"Morocco\",\"title_az\":\"M\\u0259rake\\u015f\",\"title_cs_cz\":\"Maroko\",\"title_de_de\":\"Marokko\",\"title_fr_ca\":\"Maroc\",\"title_fr_fr\":\"Maroc\",\"title_it_it\":\"Marocco\",\"title_lt_lt\":\"Marokas\",\"title_pl_pl\":\"Maroko\",\"title_ru_ru\":\"\\u041c\\u0430\\u0440\\u043e\\u043a\\u043a\\u043e\",\"title_tr_tr\":\"Fas\",\"title_uk\":\"\\u041c\\u0430\\u0440\\u043e\\u043a\\u043a\\u043e\",\"title_zh_cn\":\"\\u6469\\u6d1b\\u54e5\"}},{\"type\":\"grid_item\",\"props\":{\"content\":\"\n\n<p>+33 634 698 637<br \\\/>france@hegelmann.com<\\\/p>\\n\n\n<p><strong>Hegelmann Logistics France SARL<\\\/strong><br \\\/><span>Rue de la Caille<\\\/span><br \\\/><span>71880 Chatenoy le Royal<br \\\/>France<\\\/span><\\\/p>\",\"image\":\"wp-content\\\/uploads\\\/2022\\\/04\\\/fr.svg\",\"image_alt\":\"France\",\"tags\":\"France\",\"tags_az\":\"Fransa\",\"tags_cs_cz\":\"Francie\",\"tags_de_de\":\"Frankreich\",\"tags_fr_ca\":\"France\",\"tags_fr_fr\":\"France\",\"tags_it_it\":\"Francia\",\"tags_lt_lt\":\"Pranc\\u016bzija\",\"tags_pl_pl\":\"Francja\",\"tags_ru_ru\":\"\\u0424\\u0440\\u0430\\u043d\\u0446\\u0438\\u044f\",\"tags_tr_tr\":\"Fransa\",\"tags_uk\":\"\\u0424\\u0440\\u0430\\u043d\\u0446\\u0456\\u044f\",\"tags_zh_cn\":\"\\u6cd5\\u56fd\",\"title\":\"France\",\"title_az\":\"Fransa\",\"title_cs_cz\":\"Francie\",\"title_de_de\":\"Frankreich\",\"title_fr_ca\":\"France\",\"title_fr_fr\":\"France\",\"title_it_it\":\"Francia\",\"title_lt_lt\":\"Pranc\\u016bzija\",\"title_pl_pl\":\"Francja\",\"title_ru_ru\":\"\\u0424\\u0440\\u0430\\u043d\\u0446\\u0438\\u044f\",\"title_tr_tr\":\"Fransa\",\"title_uk\":\"\\u0424\\u0440\\u0430\\u043d\\u0446\\u0456\\u044f\",\"title_zh_cn\":\"\\u6cd5\\u56fd\"}},{\"type\":\"grid_item\",\"props\":{\"content\":\"\n\n<p>+48 34 3444 905<br \\\/>info.pl@hegelmann.com<\\\/p>\\n\n\n<p><strong>Hegelmann Transporte Sp. z o.o.<\\\/strong><br \\\/><span>Konwaliowa 144<\\\/span><br \\\/><span>PL 42-280 Cz\\u0119stochowa<\\\/span><br \\\/><span>Poland<\\\/span><\\\/p>\",\"image\":\"wp-content\\\/uploads\\\/2022\\\/04\\\/pl.svg\",\"image_alt\":\"Polish Poland\",\"tags\":\"Poland\",\"tags_az\":\"Pol\\u015fa\",\"tags_cs_cz\":\"Polsko\",\"tags_de_de\":\"Polen\",\"tags_fr_ca\":\"Pologne\",\"tags_fr_fr\":\"Pologne\",\"tags_it_it\":\"Polonia\",\"tags_lt_lt\":\"Lenkija\",\"tags_pl_pl\":\"Polska\",\"tags_ru_ru\":\"\\u041f\\u043e\\u043b\\u044c\\u0448\\u0430\",\"tags_tr_tr\":\"Polonya\",\"tags_uk\":\"\\u041f\\u043e\\u043b\\u044c\\u0449\\u0430\",\"tags_zh_cn\":\"\\u6ce2\\u5170\",\"title\":\"Poland\",\"title_az\":\"Pol\\u015fa\",\"title_cs_cz\":\"Polsko\",\"title_de_de\":\"Polen\",\"title_fr_ca\":\"Pologne\",\"title_fr_fr\":\"Pologne\",\"title_it_it\":\"Polonia\",\"title_lt_lt\":\"Lenkija\",\"title_pl_pl\":\"Polska\",\"title_ru_ru\":\"\\u041f\\u043e\\u043b\\u044c\\u0448\\u0430\",\"title_tr_tr\":\"Polonya\",\"title_uk\":\"\\u041f\\u043e\\u043b\\u044c\\u0449\\u0430\",\"title_zh_cn\":\"\\u6ce2\\u5170\"}},{\"type\":\"grid_item\",\"props\":{\"content\":\"\n\n<p>+902162350824 <br \\\/>istanbul@hegelmann.com<\\\/p>\\n\n\n<p><strong>Hegelmann Multimodal Lojistik A.S<\\\/strong><br \\\/>Baris Mah. Necip Fazil Kisakurek Sk. Lotus C Blok No:1 Ic Kap\\u0131 No:16 Beylikduzu - Istanbul \\\/ T\\u00fcrkiye<\\\/p>\",\"image\":\"wp-content\\\/uploads\\\/2022\\\/11\\\/tr.svg\",\"image_alt\":\"Turkey - Turkish language\",\"tags\":\"T\\u00fcrkiye\",\"tags_az\":\"T\\u00fcrkiy\\u0259\",\"tags_cs_cz\":\"Turecko\",\"tags_de_de\":\"T\\u00fcrkei\",\"tags_fr_ca\":\"Turquie\",\"tags_fr_fr\":\"Turquie\",\"tags_it_it\":\"Turchia\",\"tags_lt_lt\":\"Turkija\",\"tags_pl_pl\":\"Turcja\",\"tags_ru_ru\":\"\\u0422\\u0443\\u0440\\u0446\\u0438\\u044f\",\"tags_tr_tr\":\"T\\u00fcrkiye\",\"tags_uk\":\"\\u0422\\u0443\\u0440\\u0435\\u0447\\u0447\\u0438\\u043d\\u0430\",\"tags_zh_cn\":\"\\u571f\\u8033\\u5176\",\"title\":\"T\\u00fcrkiye\",\"title_az\":\"T\\u00fcrkiy\\u0259\",\"title_cs_cz\":\"Turecko\",\"title_de_de\":\"T\\u00fcrkei\",\"title_fr_ca\":\"Turquie\",\"title_fr_fr\":\"Turquie\",\"title_it_it\":\"Turchia\",\"title_lt_lt\":\"Turkija\",\"title_pl_pl\":\"Turcja\",\"title_ru_ru\":\"\\u0422\\u0443\\u0440\\u0446\\u0438\\u044f\",\"title_tr_tr\":\"T\\u00fcrkiye\",\"title_uk\":\"\\u0422\\u0443\\u0440\\u0435\\u0447\\u0447\\u0438\\u043d\\u0430\",\"title_zh_cn\":\"\\u571f\\u8033\\u5176\"}},{\"type\":\"grid_item\",\"props\":{\"content\":\"\n\n<p>+420 771 504 333<br \\\/>info.cz@hegelmann.com<\\\/p>\\n\n\n<p><strong>Hegelmann Transporte S.R.O<\\\/strong><br \\\/><span><span class=\\\"ui-provider a b c d e f g h i j k l m n o p q r s t u v w x y z ab ac ae af ag ah ai aj ak\\\" dir=\\\"ltr\\\">Kolbenova 1021\\\/9<\\\/span><\\\/span><span>,<\\\/span><br \\\/><span>190 00, Praha<\\\/span><br \\\/><span>\\u010cesk\\u00e1 Republika<\\\/span><\\\/p>\",\"image\":\"wp-content\\\/uploads\\\/2023\\\/02\\\/cz.svg\",\"image_alt\":\"Czech\",\"tags\":\"Czech\",\"tags_az\":\"\\u00c7exiya\",\"tags_cs_cz\":\"Tch\\u00e9quie\",\"tags_de_de\":\"Tschechisch\",\"tags_fr_ca\":\"Tch\\u00e9quie\",\"tags_fr_fr\":\"Tch\\u00e9quie\",\"tags_it_it\":\"Cechia\",\"tags_lt_lt\":\"\\u010cekija\",\"tags_pl_pl\":\"Czeski\",\"tags_ru_ru\":\"\\u0427\\u0435\\u0445\\u0438\\u044f\",\"tags_tr_tr\":\"\\u00c7ekya\",\"tags_uk\":\"\\u0427\\u0435\\u0445\\u0456\\u044f\",\"tags_zh_cn\":\"\\u6377\\u514b\",\"title\":\"Czech\",\"title_az\":\"\\u00c7exiya\",\"title_cs_cz\":\"Tch\\u00e9quie\",\"title_de_de\":\"Tschechisch\",\"title_fr_ca\":\"Tch\\u00e9quie\",\"title_fr_fr\":\"Tch\\u00e9quie\",\"title_it_it\":\"Cechia\",\"title_lt_lt\":\"\\u010cekija\",\"title_pl_pl\":\"Czeski\",\"title_ru_ru\":\"\\u0427\\u0435\\u0445\\u0438\\u044f\",\"title_tr_tr\":\"\\u00c7ekya\",\"title_uk\":\"\\u0427\\u0435\\u0445\\u0456\\u044f\",\"title_zh_cn\":\"\\u6377\\u514b\"}},{\"type\":\"grid_item\",\"props\":{\"content\":\"\n\n<p>+8615360688874<br \\\/>lchenyu@hegelmann.com<br \\\/>Wechat:15360688874<\\\/p>\\n\n\n<p><strong>Hegelmann (Guangzhou) International Freight Forwarding Ltd<\\\/strong><br \\\/>Room 2101.2104, 21F, No.195-197, Yanjiang Middle Road, Yuexiu District, Guangzhou<\\\/p>\",\"image\":\"wp-content\\\/uploads\\\/2022\\\/04\\\/cn.svg\",\"image_alt\":\"chinese\",\"tags\":\"China\",\"tags_az\":\"\\u00c7in\",\"tags_cs_cz\":\"\\u010c\\u00edna\",\"tags_de_de\":\"China\",\"tags_fr_ca\":\"Chine\",\"tags_fr_fr\":\"Chine\",\"tags_it_it\":\"Cina\",\"tags_lt_lt\":\"Kinija\",\"tags_pl_pl\":\"Chiny\",\"tags_ru_ru\":\"\\u041a\\u0438\\u0442\\u0430\\u0439\",\"tags_tr_tr\":\"\\u00c7in\",\"tags_uk\":\"\\u041a\\u0438\\u0442\\u0430\\u0439\",\"tags_zh_cn\":\"\\u4e2d\\u56fd\",\"title\":\"China\",\"title_az\":\"\\u00c7in\",\"title_cs_cz\":\"\\u010c\\u00edna\",\"title_de_de\":\"China\",\"title_fr_ca\":\"Chine\",\"title_fr_fr\":\"Chine\",\"title_it_it\":\"Cina\",\"title_lt_lt\":\"Kinija\",\"title_pl_pl\":\"Chiny\",\"title_ru_ru\":\"\\u041a\\u0438\\u0442\\u0430\\u0439\",\"title_tr_tr\":\"\\u00c7in\",\"title_uk\":\"\\u041a\\u0438\\u0442\\u0430\\u0439\",\"title_zh_cn\":\"\\u4e2d\\u56fd\"}},{\"type\":\"grid_item\",\"props\":{\"content\":\"\n\n<p><span data-teams=\\\"true\\\">+994103110933<\\\/span><br \\\/>albayramov@hegelmann.com<\\\/p>\\n\n\n<p><strong>Hegelmann Multimodal<\\\/strong><br \\\/><span>Caspian Plaza, building 3, Floor 5, office 504.\\u00a0 Yasamal district, Jafar Jabbarli 44.\\u00a0 AZ1065, Baku, Azerbaijan.<\\\/span><\\\/p>\",\"image\":\"wp-content\\\/uploads\\\/2024\\\/08\\\/azerbaijan.svg\",\"image_alt\":\"Flag AZ\",\"tags\":\"Azerbaijan\",\"tags_az\":\"Az\\u0259rbaycan\",\"tags_cs_cz\":\"\\u00c1zerbajd\\u017e\\u00e1n\",\"tags_de_de\":\"Aserbaidschan\",\"tags_fr_ca\":\"Azerba\\u00efdjan\",\"tags_fr_fr\":\"Azerba\\u00efdjan\",\"tags_it_it\":\"Azerbaigian\",\"tags_lt_lt\":\"Azerbaid\\u017eanas\",\"tags_pl_pl\":\"Azerbejd\\u017can\",\"tags_ru_ru\":\"\\u0410\\u0437\\u0435\\u0440\\u0431\\u0430\\u0439\\u0434\\u0436\\u0430\\u043d\",\"tags_tr_tr\":\"Azerbaycan\",\"tags_uk\":\"\\u0410\\u0437\\u0435\\u0440\\u0431\\u0430\\u0439\\u0434\\u0436\\u0430\\u043d\",\"tags_zh_cn\":\"\\u963f\\u585e\\u62dc\\u7586\",\"title\":\"Azerbaijan\",\"title_az\":\"Az\\u0259rbaycan\",\"title_cs_cz\":\"\\u00c1zerbajd\\u017e\\u00e1n\",\"title_de_de\":\"Aserbaidschan\",\"title_fr_ca\":\"Azerba\\u00efdjan\",\"title_fr_fr\":\"Azerba\\u00efdjan\",\"title_it_it\":\"Azerbaigian\",\"title_lt_lt\":\"Azerbaid\\u017eanas\",\"title_pl_pl\":\"Azerbejd\\u017can\",\"title_ru_ru\":\"\\u0410\\u0437\\u0435\\u0440\\u0431\\u0430\\u0439\\u0434\\u0436\\u0430\\u043d\",\"title_tr_tr\":\"Azerbaycan\",\"title_uk\":\"\\u0410\\u0437\\u0435\\u0440\\u0431\\u0430\\u0439\\u0434\\u0436\\u0430\\u043d\",\"title_zh_cn\":\"\\u963f\\u585e\\u62dc\\u7586\"}},{\"type\":\"grid_item\",\"props\":{\"content\":\"\n\n<p>+1 888 407 4262<br \\\/>info.usa@hegelmann.com<\\\/p>\\n\n\n<p><strong>Hegelmann USA<\\\/strong><br \\\/>1124 Windham Pkwy<br \\\/>Romeoville, IL 60446<br \\\/>USA<\\\/p>\",\"image\":\"wp-content\\\/uploads\\\/2024\\\/11\\\/usa-flag.svg\",\"image_alt\":\"USA\",\"tags\":\"USA\",\"tags_az\":\"AB\\u015e\",\"tags_cs_cz\":\"USA\",\"tags_de_de\":\"USA\",\"tags_fr_ca\":\"USA\",\"tags_fr_fr\":\"U.S.A.\",\"tags_it_it\":\"USA\",\"tags_lt_lt\":\"Jav\",\"tags_pl_pl\":\"USA\",\"tags_ru_ru\":\"\\u0421\\u0428\\u0410\",\"tags_tr_tr\":\"USA\",\"tags_uk\":\"\\u0421\\u0428\\u0410\",\"tags_zh_cn\":\"\\u7f8e\\u56fd\",\"title\":\"USA\",\"title_az\":\"AB\\u015e\",\"title_cs_cz\":\"USA\",\"title_de_de\":\"USA\",\"title_fr_ca\":\"USA\",\"title_fr_fr\":\"USA\",\"title_it_it\":\"U.S.A.\",\"title_lt_lt\":\"Jav\",\"title_pl_pl\":\"USA\",\"title_ru_ru\":\"\\u0421\\u0428\\u0410\",\"title_tr_tr\":\"Amerika\",\"title_uk\":\"\\u0421\\u0428\\u0410\",\"title_zh_cn\":\"\\u7f8e\\u56fd\"}},{\"type\":\"grid_item\",\"props\":{\"content\":\"\n\n<p><span data-teams=\\\"true\\\">+371 278 90445<\\\/span><br \\\/>lradzina@hegelmann.com<\\\/p>\\n\n\n<p><strong>Hegelmann Multimodal SIA<\\\/strong><br \\\/>Lambertu iela 33b, M\\u0101rupe, <br \\\/>M\\u0101rupes pagasts, M\\u0101rupes novads,<br \\\/>LV-2167, Latvia<\\\/p>\",\"image\":\"wp-content\\\/uploads\\\/2025\\\/03\\\/latvia.svg\",\"image_alt\":\"Latvia flag\",\"tags\":\"Latvia\",\"tags_az\":\"Latviya\",\"tags_cs_cz\":\"Loty\\u0161sko\",\"tags_de_de\":\"Lettland\",\"tags_fr_ca\":\"Lettonie\",\"tags_fr_fr\":\"Lettonie\",\"tags_it_it\":\"Lettonia\",\"tags_lt_lt\":\"Latvija\",\"tags_pl_pl\":\"\\u0141otwa\",\"tags_ru_ru\":\"\\u041b\\u0430\\u0442\\u0432\\u0438\\u044f\",\"tags_tr_tr\":\"Letonya\",\"tags_uk\":\"\\u041b\\u0430\\u0442\\u0432\\u0456\\u044f\",\"tags_zh_cn\":\"\\u62c9\\u8131\\u7ef4\\u4e9a\",\"title\":\"Latvia\",\"title_az\":\"Latviya\",\"title_cs_cz\":\"Loty\\u0161sko\",\"title_de_de\":\"Lettland\",\"title_fr_ca\":\"Lettonie\",\"title_fr_fr\":\"Lettonie\",\"title_it_it\":\"Lettonia\",\"title_lt_lt\":\"Latvija\",\"title_pl_pl\":\"\\u0141otwa\",\"title_ru_ru\":\"\\u041b\\u0430\\u0442\\u0432\\u0438\\u044f\",\"title_tr_tr\":\"Letonya\",\"title_uk\":\"\\u041b\\u0430\\u0442\\u0432\\u0456\\u044f\",\"title_zh_cn\":\"\\u62c9\\u8131\\u7ef4\\u4e9a\"}},{\"type\":\"grid_item\",\"props\":{\"content\":\"\n\n<p>+447764327195<\\\/p>\\n\n\n<p>sales.uk@hegelmann.com<br \\\/>irichardson@hegelmann.com<\\\/p>\\n\n\n<p>Create Business Hub, Kings House 101-135 Kings Road, Brentwood, <br \\\/>CM14 4DR, United Kingdom<\\\/p>\",\"image\":\"wp-content\\\/uploads\\\/2022\\\/04\\\/gb.svg\",\"image_alt\":\"uk flag\",\"tags\":\"United Kingdom\",\"tags_az\":\"Latviya\",\"tags_cs_cz\":\"Loty\\u0161sko\",\"tags_de_de\":\"Lettland\",\"tags_fr_ca\":\"Lettonie\",\"tags_fr_fr\":\"Lettonie\",\"tags_it_it\":\"Lettonia\",\"tags_lt_lt\":\"Latvija\",\"tags_pl_pl\":\"\\u0141otwa\",\"tags_ru_ru\":\"\\u041b\\u0430\\u0442\\u0432\\u0438\\u044f\",\"tags_tr_tr\":\"Letonya\",\"tags_uk\":\"\\u041b\\u0430\\u0442\\u0432\\u0456\\u044f\",\"tags_zh_cn\":\"\\u62c9\\u8131\\u7ef4\\u4e9a\",\"title\":\"United Kingdom\",\"title_az\":\"Latviya\",\"title_cs_cz\":\"Loty\\u0161sko\",\"title_de_de\":\"Lettland\",\"title_fr_ca\":\"Lettonie\",\"title_fr_fr\":\"Lettonie\",\"title_it_it\":\"Lettonia\",\"title_lt_lt\":\"Latvija\",\"title_pl_pl\":\"\\u0141otwa\",\"title_ru_ru\":\"\\u041b\\u0430\\u0442\\u0432\\u0438\\u044f\",\"title_tr_tr\":\"Letonya\",\"title_uk\":\"\\u041b\\u0430\\u0442\\u0432\\u0456\\u044f\",\"title_zh_cn\":\"\\u62c9\\u8131\\u7ef4\\u4e9a\"}}]},{\"type\":\"html\",\"props\":{\"content\":\"\n\n<style>\\n    .contact_footer {\\n        display: none;\\n    }\\n<\\\/style>\"}}]}]}]}],\"version\":\"4.5.33\",\"yooessentialsVersion\":\"2.4.12\"} --><\/p>\n","protected":false},"excerpt":{"rendered":"<p>Looking for contact details? Choose country LIthuania + [&hellip;]<\/p>\n","protected":false},"author":6,"featured_media":0,"parent":0,"menu_order":0,"comment_status":"closed","ping_status":"closed","template":"","meta":{"_acf_changed":false,"footnotes":""},"class_list":["post-36811","page","type-page","status-publish","hentry"],"acf":[],"_links":{"self":[{"href":"https:\/\/www.hegelmann.com\/zh\/wp-json\/wp\/v2\/pages\/36811","targetHints":{"allow":["GET"]}}],"collection":[{"href":"https:\/\/www.hegelmann.com\/zh\/wp-json\/wp\/v2\/pages"}],"about":[{"href":"https:\/\/www.hegelmann.com\/zh\/wp-json\/wp\/v2\/types\/page"}],"author":[{"embeddable":true,"href":"https:\/\/www.hegelmann.com\/zh\/wp-json\/wp\/v2\/users\/6"}],"replies":[{"embeddable":true,"href":"https:\/\/www.hegelmann.com\/zh\/wp-json\/wp\/v2\/comments?post=36811"}],"version-history":[{"count":48,"href":"https:\/\/www.hegelmann.com\/zh\/wp-json\/wp\/v2\/pages\/36811\/revisions"}],"predecessor-version":[{"id":38612,"href":"https:\/\/www.hegelmann.com\/zh\/wp-json\/wp\/v2\/pages\/36811\/revisions\/38612"}],"wp:attachment":[{"href":"https:\/\/www.hegelmann.com\/zh\/wp-json\/wp\/v2\/media?parent=36811"}],"curies":[{"name":"wp","href":"https:\/\/api.w.org\/{rel}","templated":true}]}}