{"id":27771,"date":"2023-01-31T15:09:15","date_gmt":"2023-01-31T14:09:15","guid":{"rendered":"https:\/\/www.hegelmann.com\/?page_id=27771"},"modified":"2023-02-01T12:58:16","modified_gmt":"2023-02-01T11:58:16","slug":"macher-gesucht","status":"publish","type":"page","link":"https:\/\/www.hegelmann.com\/fr\/career\/macher-gesucht\/","title":{"rendered":"Macher gesucht"},"content":{"rendered":"<div>\n<p>    <img decoding=\"async\" src=\"\/wp-content\/uploads\/2023\/01\/join_the_revolution_Zeichenflache-2@2x-e1675180407950.png\" alt=\"\"><\/p>\n<\/div>\n<h1>Unser Herz schl\u00e4gt f\u00fcr Logistik!<\/h1>\n<div>\n<p>Du bist voller Ideen, denkst zukunftsorientiert und liebst es, dich und das Unternehmen weiterzuentwickeln? Dann bist du hier goldrichtig.\u00a0 Bei Hegelmann sprichst du mit Entscheidungstr\u00e4gern, die seit Jahren in Menschen und Konzepte investieren.<\/p>\n<p>Du suchst die n\u00f6tige Aufmerksamkeit f\u00fcr deine Power? Bei uns findest du sie!<\/p>\n<\/div>\n<h4>\n<p>#2023 steht f\u00fcr Wachstum und Aufschwung \ud83d\udcc8<\/p>\n<\/h4>\n<div>\n<p>Sei ein Teil davon, wenn wir Projekte in den Bereichen Intermodal, Bulk, Silo, Containerverkehre, Seafreight und Airfreight ausbauen. Dein Engagement im Business Development ist die treibende Kraft. \ud83d\udcaa<\/p>\n<\/div>\n<div>\n<h4>Ergreife die Initiative und pitche uns:<\/h4>\n<ol>\n<li>Deine Idee<\/li>\n<li>Deine Erfahrung<\/li>\n<li>Deine Vorstellungen<\/li>\n<\/ol>\n<p>Sei kompromisslos erfolgreich mit uns! Wenn dich Logistik begeistert, du schon immer mehr wolltest und dich in der F\u00fchrungsrolle siehst, dann schreib mir und lass uns zusammen deine Idee in die Tat umsetzen. \ud83e\udd47<\/p>\n<\/div>\n<ul>\n<li>\n        <a href=\"\/career\/\">Karriere bei Hegelmann<\/a>\n    <\/li>\n<li>\n        <a href=\"\/our-company\/about-us\/\">\u00dcber unsere Gruppe<\/a>\n    <\/li>\n<li>\n        <a href=\"\/our-company\/our-values\/\">Unsere Werte<\/a>\n    <\/li>\n<\/ul>\n<div>\n<p>Wir sind ein familiengef\u00fchrtes, internationales Unternehmen mit Sitz im badischen Bruchsal. Gamechanger in der Branche mit 11.000 Mitarbeitern, 5.500 Fahrzeugen und einer Mrd. Euro Umsatz.\u00a0<\/p>\n<\/div>\n<p><img decoding=\"async\" src=\"\/wp-content\/uploads\/2023\/02\/Siegfried_Superhero3.png\" alt=\"\"><\/p>\n<h4>Siegfried Hegelmann<\/h4>\n<ul>\n<li><a href=\"https:\/\/www.linkedin.com\/in\/siegfried-hegelmann\/\" target=\"_blank\" rel=\"noopener\">linkedin<\/a>\n<\/li>\n<\/ul>\n<h1>Pitche uns jetzt deine Idee<\/h1>\n<h1>Deine<br \/>Idee<\/h1>\n<h1>Deine<br \/>Erfahrung<\/h1>\n<h1>Deine Vorstellungen<\/h1>\n<div>\n<style>\n    .contact_footer {\n        display: none;\n    }\n<\/style>\n<\/div>\n<p><!--more--><br \/>\n<!-- {\"name\":\"220921_Road Transportation\",\"type\":\"layout\",\"children\":[{\"type\":\"section\",\"props\":{\"style\":\"default\",\"width\":\"\",\"vertical_align\":\"middle\",\"title_position\":\"top-left\",\"title_rotation\":\"left\",\"title_breakpoint\":\"xl\",\"image_position\":\"center-center\",\"padding\":\"none\",\"header_transparent\":\"light\",\"overlap\":false,\"header_transparent_noplaceholder\":true},\"children\":[{\"type\":\"row\",\"props\":{\"margin_remove_top\":true,\"margin_remove_bottom\":true},\"children\":[{\"type\":\"column\",\"props\":{\"position_sticky_breakpoint\":\"m\",\"image_position\":\"center-center\",\"media_overlay_gradient\":\"\",\"width_medium\":\"\"},\"children\":[{\"type\":\"slideshow\",\"props\":{\"show_title\":true,\"show_meta\":true,\"show_content\":true,\"show_link\":true,\"show_thumbnail\":true,\"slideshow_min_height\":300,\"slideshow_autoplay_pause\":true,\"nav\":\"dotnav\",\"nav_position\":\"bottom-center\",\"nav_position_margin\":\"medium\",\"nav_align\":\"center\",\"nav_breakpoint\":\"s\",\"thumbnav_width\":\"100\",\"thumbnav_height\":\"75\",\"thumbnav_svg_color\":\"emphasis\",\"slidenav\":\"default\",\"slidenav_margin\":\"medium\",\"slidenav_breakpoint\":\"s\",\"slidenav_outside_breakpoint\":\"xl\",\"overlay_position\":\"center-left\",\"overlay_animation\":\"parallax\",\"title_element\":\"h3\",\"meta_style\":\"meta\",\"meta_align\":\"below-title\",\"meta_element\":\"div\",\"link_text\":\"Read more\",\"link_style\":\"default\",\"margin\":\"default\",\"slideshow_max_height\":\"600\"},\"children\":[{\"type\":\"slideshow_item\",\"props\":{\"image\":\"wp-content\\\/uploads\\\/2023\\\/01\\\/join_the_revolution_Zeichenflache-2@2x-e1675180407950.png\"}}]}]}]}],\"name\":\"220209_video_homepage\",\"modified\":\"2022-02-09T14:21:53.170Z\"},{\"type\":\"section\",\"props\":{\"style\":\"default\",\"width\":\"default\",\"vertical_align\":\"middle\",\"title_position\":\"top-left\",\"title_rotation\":\"left\",\"title_breakpoint\":\"xl\",\"image_position\":\"center-center\"},\"children\":[{\"type\":\"row\",\"children\":[{\"type\":\"column\",\"props\":{\"position_sticky_breakpoint\":\"m\",\"image_position\":\"center-center\",\"media_overlay_gradient\":\"\"},\"children\":[{\"type\":\"headline\",\"props\":{\"title_element\":\"h1\",\"content\":\"Unser Herz schl\\u00e4gt f\\u00fcr Logistik!\",\"content_de_de\":\"\",\"content_lt_lt\":\"\",\"content_fr_fr\":\"\",\"content_it_it\":\"\",\"content_pl_pl\":\"\",\"content_ru_ru\":\"\",\"content_zh_cn\":\"\",\"content_uk\":\"\",\"title_style\":\"heading-medium\"}}]}]},{\"type\":\"row\",\"props\":{\"layout\":\"1-3,1-3,1-3\"},\"children\":[{\"type\":\"column\",\"props\":{\"position_sticky_breakpoint\":\"m\",\"image_position\":\"center-center\",\"media_overlay_gradient\":\"\",\"width_medium\":\"1-3\"},\"children\":[{\"type\":\"text\",\"props\":{\"margin\":\"default\",\"column_breakpoint\":\"m\",\"content\":\"\n\n<p>Du bist voller Ideen, denkst zukunftsorientiert und liebst es, dich und das Unternehmen weiterzuentwickeln? Dann bist du hier goldrichtig.\\u00a0 Bei Hegelmann sprichst du mit Entscheidungstr\\u00e4gern, die seit Jahren in Menschen und Konzepte investieren.<\\\/p>\\n\n\n<p>Du suchst die n\\u00f6tige Aufmerksamkeit f\\u00fcr deine Power? Bei uns findest du sie!<\\\/p>\",\"content_de_de\":\"\",\"content_lt_lt\":\"\",\"content_fr_fr\":\"\",\"content_it_it\":\"\",\"content_pl_pl\":\"\",\"content_ru_ru\":\"\",\"content_zh_cn\":\"\",\"content_uk\":\"\"}},{\"type\":\"headline\",\"props\":{\"title_element\":\"h4\",\"content\":\"\n\n<p>#2023 steht f\\u00fcr Wachstum und Aufschwung \\ud83d\\udcc8<\\\/p>\"}},{\"type\":\"text\",\"props\":{\"margin\":\"default\",\"column_breakpoint\":\"m\",\"content\":\"\n\n<p>Sei ein Teil davon, wenn wir Projekte in den Bereichen Intermodal, Bulk, Silo, Containerverkehre, Seafreight und Airfreight ausbauen. Dein Engagement im Business Development ist die treibende Kraft. \\ud83d\\udcaa<\\\/p>\",\"content_de_de\":\"\",\"content_lt_lt\":\"\",\"content_fr_fr\":\"\",\"content_it_it\":\"\",\"content_pl_pl\":\"\",\"content_ru_ru\":\"\",\"content_zh_cn\":\"\",\"content_uk\":\"\"}}]},{\"type\":\"column\",\"props\":{\"position_sticky_breakpoint\":\"m\",\"image_position\":\"center-center\",\"media_overlay_gradient\":\"\",\"width_medium\":\"1-3\"},\"children\":[{\"type\":\"text\",\"props\":{\"margin\":\"default\",\"column_breakpoint\":\"m\",\"content\":\"\n\n<h4>Ergreife die Initiative und pitche uns:<\\\/h4>\\n\n\n<ol>\\n\n\n<li>Deine Idee<\\\/li>\\n\n\n<li>Deine Erfahrung<\\\/li>\\n\n\n<li>Deine Vorstellungen<\\\/li>\\n<\\\/ol>\\n\n\n<p>Sei kompromisslos erfolgreich mit uns! Wenn dich Logistik begeistert, du schon immer mehr wolltest und dich in der F\\u00fchrungsrolle siehst, dann schreib mir und lass uns zusammen deine Idee in die Tat umsetzen. \\ud83e\\udd47<\\\/p>\",\"content_de_de\":\"\",\"content_lt_lt\":\"\",\"content_fr_fr\":\"\",\"content_it_it\":\"\",\"content_pl_pl\":\"\",\"content_ru_ru\":\"\",\"content_zh_cn\":\"\",\"content_uk\":\"\"}},{\"type\":\"button\",\"props\":{\"grid_column_gap\":\"small\",\"grid_row_gap\":\"small\",\"margin\":\"default\"},\"children\":[{\"type\":\"button_item\",\"props\":{\"button_style\":\"default\",\"icon_align\":\"left\",\"content\":\"Karriere bei Hegelmann\",\"link\":\"career\\\/\",\"icon\":\"fa6-solid--trophy\"}},{\"type\":\"button_item\",\"props\":{\"button_style\":\"default\",\"icon_align\":\"left\",\"content\":\"\\u00dcber unsere Gruppe\",\"link\":\"our-company\\\/about-us\\\/\",\"icon\":\"fa6-solid--circle-info\"}},{\"type\":\"button_item\",\"props\":{\"button_style\":\"default\",\"icon_align\":\"left\",\"link\":\"our-company\\\/our-values\\\/\",\"content\":\"Unsere Werte\",\"icon\":\"fa6-solid--hand-holding-heart\"}}]}]},{\"type\":\"column\",\"props\":{\"position_sticky_breakpoint\":\"m\",\"image_position\":\"center-center\",\"media_overlay_gradient\":\"\",\"width_medium\":\"1-3\",\"style\":\"muted\",\"padding\":\"small\"},\"children\":[{\"type\":\"text\",\"props\":{\"margin\":\"default\",\"column_breakpoint\":\"m\",\"content\":\"\n\n<p>Wir sind ein familiengef\\u00fchrtes, internationales Unternehmen mit Sitz im badischen Bruchsal. Gamechanger in der Branche mit 11.000 Mitarbeitern, 5.500 Fahrzeugen und einer Mrd. Euro Umsatz.\\u00a0<\\\/p>\",\"content_de_de\":\"\",\"content_lt_lt\":\"\",\"content_fr_fr\":\"\",\"content_it_it\":\"\",\"content_pl_pl\":\"\",\"content_ru_ru\":\"\",\"content_zh_cn\":\"\",\"content_uk\":\"\"}},{\"type\":\"image\",\"props\":{\"margin\":\"default\",\"image_svg_color\":\"emphasis\",\"image\":\"wp-content\\\/uploads\\\/2023\\\/02\\\/Siegfried_Superhero3.png\",\"image_border\":\"circle\",\"image_box_shadow\":\"large\",\"image_width\":\"150px\",\"text_align\":\"center\"}},{\"type\":\"headline\",\"props\":{\"title_element\":\"h4\",\"content\":\"Siegfried Hegelmann\",\"text_align\":\"center\"}},{\"type\":\"social\",\"props\":{\"link_style\":\"button\",\"grid\":\"horizontal\",\"grid_gap\":\"small\",\"margin\":\"default\",\"text_align\":\"center\",\"link_target\":true},\"children\":[{\"type\":\"social_item\",\"props\":{\"link\":\"https:\\\/\\\/www.linkedin.com\\\/in\\\/siegfried-hegelmann\\\/\"}}]}]}]}],\"name\":\"Description\"},{\"type\":\"section\",\"props\":{\"style\":\"muted\",\"width\":\"default\",\"vertical_align\":\"middle\",\"title_position\":\"top-left\",\"title_rotation\":\"left\",\"title_breakpoint\":\"xl\",\"image_position\":\"center-center\",\"yooessentials_form\":{\"state\":true,\"after_submit_actions\":[{\"type\":\"email\",\"props\":{\"html\":true,\"attachments\":[null],\"submitted_attachments\":[null],\"subject\":\"Macher Gesucht: {subject} | {contact_reason}\",\"recipients\":\"siegfried@hegelmann.com\",\"from_name\":\"{name}\",\"reply_tos\":\"{email}\",\"ccs\":\"\",\"from\":\"{email}\",\"body\":\"\n\n<p><strong>Name:<\\\/strong> {name}<\\\/p>\\n\n\n<p><strong>Betreff:<\\\/strong> {subject}\\u00a0<\\\/p>\\n\n\n<p><strong>E-Mail:<\\\/strong> {email}<\\\/p>\\n\n\n<p><strong>Telefonnummer:<\\\/strong> {phone}<\\\/p>\\n\n\n<p><strong>Bereich:<\\\/strong> {contact_reason}<\\\/p>\\n\n\n<p><strong>Idee:<\\\/strong><\\\/p>\\n\n\n<p>{idea}<\\\/p>\\n\n\n<p><strong>Erfahrung:<\\\/strong><\\\/p>\\n\n\n<p>{experience}<\\\/p>\\n\n\n<p><strong>Vorstellung:<\\\/strong><\\\/p>\\n\n\n<p>{imagination}<\\\/p>\",\"yooessentials_access_conditions\":[],\"yooessentials_access_mode\":\"AND\"},\"id\":\"6253cd47b29c4\"},{\"type\":\"message\",\"props\":{\"content\":\"\n\n<h4>Vielen Dank f\\u00fcr deinen Pitch.<\\\/h4>\\n\n\n<p>Wenn uns deine Idee gef\\u00e4llt melden wir uns bei dir! <\\\/p>\\n\n\n<p><strong>Name:<\\\/strong> {name}<\\\/p>\\n\n\n<p><strong>Betreff:<\\\/strong> {subject}\\u00a0<\\\/p>\\n\n\n<p><strong>E-Mail:<\\\/strong> {email}<\\\/p>\\n\n\n<p><strong>Telefonnummer:<\\\/strong> {phone}<\\\/p>\\n\n\n<p><strong>Bereich:<\\\/strong> {contact_reason}<\\\/p>\\n\n\n<p><strong>Deine Idee:<\\\/strong><\\\/p>\\n\n\n<p>{idea}<\\\/p>\\n\n\n<p><strong>Deine Erfahrung:<\\\/strong><\\\/p>\\n\n\n<p>{experience}<\\\/p>\\n\n\n<p><strong>Deine Vorstellungen:<\\\/strong><\\\/p>\\n\n\n<p>{imagination}<\\\/p>\\n\n\n<p><\\\/p>\"},\"id\":\"6253cd47b29c7\"}],\"html5validation\":true,\"override_action_url\":false,\"action_method\":\"POST\"},\"image\":\"wp-content\\\/uploads\\\/2023\\\/01\\\/concrete-wall-scaled.jpg\",\"media_overlay\":\"rgba(255, 255, 255, 0.4)\"},\"children\":[{\"type\":\"row\",\"children\":[{\"type\":\"column\",\"props\":{\"position_sticky_breakpoint\":\"m\",\"image_position\":\"center-center\",\"media_overlay_gradient\":\"\"},\"children\":[{\"type\":\"headline\",\"props\":{\"title_element\":\"h1\",\"content\":\"Pitche uns jetzt deine Idee\",\"content_de_de\":\"\",\"content_lt_lt\":\"\",\"content_fr_fr\":\"\",\"content_it_it\":\"\",\"content_pl_pl\":\"\",\"content_ru_ru\":\"\",\"content_zh_cn\":\"\",\"content_uk\":\"\",\"title_style\":\"heading-large\",\"title_color\":\"primary\",\"css\":\".el-element {\\n mix-blend-mode: multiply;   \\n}\"}}]}]},{\"type\":\"row\",\"props\":{\"layout\":\"1-2,1-2\"},\"children\":[{\"type\":\"column\",\"props\":{\"position_sticky_breakpoint\":\"m\",\"image_position\":\"center-center\",\"media_overlay_gradient\":\"\",\"width_medium\":\"1-2\"},\"children\":[{\"type\":\"yooessentials_form_input\",\"props\":{\"show_label\":true,\"show_icon\":true,\"control_icon_align\":\"left\",\"grid_column_gap\":\"small\",\"grid_row_gap\":\"small\",\"margin\":\"default\",\"grid_columns_number\":\"1-2@m\",\"fullwidth\":false,\"yooessentials_access_conditions\":[],\"yooessentials_access_mode\":\"AND\"},\"children\":[{\"type\":\"yooessentials_form_input_text\",\"props\":{\"control_name\":\"name\",\"control_label\":\"Dein Name\",\"control_icon\":\"user\",\"control_required\":true,\"control_id_inherit\":true}},{\"type\":\"yooessentials_form_input_email\",\"props\":{\"control_name\":\"email\",\"control_label\":\"E-Mail\",\"control_required\":true,\"control_icon\":\"mail\",\"control_id_inherit\":true}},{\"type\":\"yooessentials_form_input_text\",\"props\":{\"control_name\":\"subject\",\"control_label\":\"Betreff\",\"control_required\":true,\"control_icon\":\"info\",\"control_id_inherit\":true}},{\"type\":\"yooessentials_form_input_tel\",\"props\":{\"control_name\":\"phone\",\"control_label\":\"Telefonnummer (optional)\",\"control_icon\":\"receiver\",\"control_id_inherit\":true}}]}]},{\"type\":\"column\",\"props\":{\"position_sticky_breakpoint\":\"m\",\"image_position\":\"center-center\",\"media_overlay_gradient\":\"\",\"width_medium\":\"1-2\",\"yooessentials_form\":{\"state\":false,\"after_submit_actions\":[{\"type\":\"email\",\"props\":{\"html\":true,\"attachments\":[null],\"submitted_attachments\":[null],\"subject\":\"Hegelmann.com | {contact_reason}\",\"recipients\":\"mpfahler@hegelmann.com\",\"from\":\"{email}\",\"from_name\":\"{name}\",\"reply_tos\":\"{email]\"}}],\"html5validation\":true,\"override_action_url\":false,\"action_method\":\"POST\"}},\"children\":[{\"type\":\"yooessentials_form_radio\",\"props\":{\"margin\":\"default\",\"control_layout\":\"horizontal\",\"control_name\":\"contact_reason\",\"control_label\":\"Dein Bereich\",\"control_required\":true,\"control_id_inherit\":true},\"children\":[{\"type\":\"yooessentials_form_option\",\"props\":{\"value\":\"Intermodal\",\"text\":\"\",\"disabled\":false}},{\"type\":\"yooessentials_form_option\",\"props\":{\"value\":\"Bulk\",\"text\":\"\",\"disabled\":false}},{\"type\":\"yooessentials_form_option\",\"props\":{\"value\":\"Silo\",\"text\":\"\",\"disabled\":false}},{\"type\":\"yooessentials_form_option\",\"props\":{\"value\":\"Containerverkehre\",\"text\":\"\",\"disabled\":false}},{\"type\":\"yooessentials_form_option\",\"props\":{\"value\":\"Seafreight \",\"text\":\"\",\"disabled\":false}},{\"type\":\"yooessentials_form_option\",\"props\":{\"value\":\"Airfreight \",\"text\":\"\",\"disabled\":false}}]}]}]},{\"type\":\"row\",\"props\":{\"layout\":\"1-3,1-3,1-3\"},\"children\":[{\"type\":\"column\",\"props\":{\"position_sticky_breakpoint\":\"m\",\"image_position\":\"center-center\",\"media_overlay_gradient\":\"\",\"width_medium\":\"1-3\"},\"children\":[{\"type\":\"headline\",\"props\":{\"title_element\":\"h1\",\"content\":\"Deine<br \\\/>Idee\",\"content_de_de\":\"\",\"content_lt_lt\":\"\",\"content_fr_fr\":\"\",\"content_it_it\":\"\",\"content_pl_pl\":\"\",\"content_ru_ru\":\"\",\"content_zh_cn\":\"\",\"content_uk\":\"\",\"title_style\":\"heading-small\",\"title_color\":\"warning\",\"css\":\".el-element {\\n mix-blend-mode: multiply;   \\n}\"}},{\"type\":\"yooessentials_form_textarea\",\"props\":{\"margin\":\"default\",\"control_id_inherit\":true,\"control_label\":\"\",\"control_name\":\"idea\",\"control_rows\":5,\"control_required\":true}}]},{\"type\":\"column\",\"props\":{\"position_sticky_breakpoint\":\"m\",\"image_position\":\"center-center\",\"media_overlay_gradient\":\"\",\"width_medium\":\"1-3\"},\"children\":[{\"type\":\"headline\",\"props\":{\"title_element\":\"h1\",\"content\":\"Deine<br \\\/>Erfahrung\",\"content_de_de\":\"\",\"content_lt_lt\":\"\",\"content_fr_fr\":\"\",\"content_it_it\":\"\",\"content_pl_pl\":\"\",\"content_ru_ru\":\"\",\"content_zh_cn\":\"\",\"content_uk\":\"\",\"title_style\":\"heading-small\",\"title_color\":\"warning\",\"css\":\".el-element {\\n mix-blend-mode: multiply;   \\n}\"}},{\"type\":\"yooessentials_form_textarea\",\"props\":{\"margin\":\"default\",\"control_id_inherit\":true,\"control_label\":\"\",\"control_name\":\"experience\",\"control_rows\":5,\"control_required\":true}}]},{\"type\":\"column\",\"props\":{\"position_sticky_breakpoint\":\"m\",\"image_position\":\"center-center\",\"media_overlay_gradient\":\"\",\"width_medium\":\"1-3\"},\"children\":[{\"type\":\"headline\",\"props\":{\"title_element\":\"h1\",\"content\":\"Deine Vorstellungen\",\"content_de_de\":\"\",\"content_lt_lt\":\"\",\"content_fr_fr\":\"\",\"content_it_it\":\"\",\"content_pl_pl\":\"\",\"content_ru_ru\":\"\",\"content_zh_cn\":\"\",\"content_uk\":\"\",\"title_style\":\"heading-small\",\"title_color\":\"warning\",\"css\":\".el-element {\\n mix-blend-mode: multiply;   \\n}\"}},{\"type\":\"yooessentials_form_textarea\",\"props\":{\"margin\":\"default\",\"control_id_inherit\":true,\"control_label\":\"\",\"control_name\":\"imagination\",\"control_rows\":5,\"control_required\":true}}]}]},{\"type\":\"row\",\"props\":{\"layout\":\"2-3,1-3\"},\"children\":[{\"type\":\"column\",\"props\":{\"position_sticky_breakpoint\":\"m\",\"image_position\":\"center-center\",\"media_overlay_gradient\":\"\",\"width_medium\":\"2-3\"},\"children\":[{\"type\":\"yooessentials_form_checkbox\",\"props\":{\"margin\":\"default\",\"control_layout\":\"vertical\",\"control_name\":\"data_protection\",\"control_required\":true,\"margin_remove_bottom\":true,\"control_error_message\":\"You need to accept our privacy policy in order to be able to send us a message with this contact form. If you do not wish to do so, feel free to send us an e-mail to info.de@hegelmann.com instead.\",\"control_id_inherit\":true},\"children\":[{\"type\":\"yooessentials_form_option\",\"props\":{\"text\":\"\n\n<p>I agree that the above mentioned data is processed by Hegelmann Group in accordance with the privacy policy.<\\\/p>\",\"yooessentials_access_conditions\":[],\"yooessentials_access_mode\":\"AND\",\"value\":\"data_protection_agreement\",\"disabled\":false,\"text_de_de\":\"\n\n<p>Ich bin damit einverstanden, dass die oben genannten Daten von der Hegelmann Gruppe in \\u00dcbereinstimmung mit der Datenschutzerkl\\u00e4rung verarbeitet werden.<\\\/p>\"}}]}]},{\"type\":\"column\",\"props\":{\"position_sticky_breakpoint\":\"m\",\"image_position\":\"center-center\",\"media_overlay_gradient\":\"\",\"width_medium\":\"1-3\"},\"children\":[{\"type\":\"yooessentials_form_recaptcha\",\"props\":{\"margin\":\"default\",\"control_type\":\"v3\",\"recaptcha_version\":\"v2\",\"control_theme\":\"light\",\"control_size\":\"normal\",\"control_action\":\"yoothemepro_form_submit\",\"control_badge_position\":\"bottomright\",\"control_threshold\":\"0.5\",\"control_site_key\":\"6LdXkVkfAAAAAEOuziTY_Nt21mQR2K8wRXZ4sgr2\",\"control_secret_key\":\"6LdXkVkfAAAAANCPzRQdo_6EUM6eqp52UzOixKtr\"}},{\"type\":\"yooessentials_form_button\",\"props\":{\"grid_column_gap\":\"small\",\"grid_row_gap\":\"small\",\"margin\":\"default\",\"fullwidth\":false,\"text_align\":\"right\"},\"children\":[{\"type\":\"yooessentials_form_button_reset\",\"props\":{\"button_style\":\"danger\",\"icon_align\":\"left\",\"content\":\"Zur\\u00fccksetzen\",\"icon\":\"ban\"}},{\"type\":\"yooessentials_form_button_item\",\"props\":{\"button_style\":\"primary\",\"icon_align\":\"left\",\"content\":\"Absenden\",\"icon\":\"mail\",\"yooessentials_access_conditions\":[],\"yooessentials_access_mode\":\"AND\"}}]}]}]}],\"formid\":\"65ac5ec8\",\"name\":\"Contact Form Standard\"},{\"type\":\"section\",\"props\":{\"style\":\"default\",\"width\":\"default\",\"vertical_align\":\"middle\",\"title_position\":\"top-left\",\"title_rotation\":\"left\",\"title_breakpoint\":\"xl\",\"image_position\":\"center-center\",\"padding\":\"none\"},\"children\":[{\"type\":\"row\",\"children\":[{\"type\":\"column\",\"props\":{\"position_sticky_breakpoint\":\"m\",\"image_position\":\"center-center\",\"media_overlay_gradient\":\"\"},\"children\":[{\"type\":\"html\",\"props\":{\"content\":\"\n\n<style>\\n    .contact_footer {\\n        display: none;\\n    }\\n<\\\/style>\"}}]}]}],\"name\":\"NO_CONTACT_IN_FOOTER\"}],\"version\":\"2.7.25\",\"yooessentialsVersion\":\"1.8.5\"} --><\/p>\n","protected":false},"excerpt":{"rendered":"<p>Unser Herz schl\u00e4gt f\u00fcr Logistik! Du bist voller Ideen, denkst zukunftsorientiert und liebst es, dich und das Unternehmen weiterzuentwickeln? Dann bist du hier goldrichtig.\u00a0 Bei Hegelmann sprichst du mit Entscheidungstr\u00e4gern, die seit Jahren in Menschen und Konzepte investieren. Du suchst die n\u00f6tige Aufmerksamkeit f\u00fcr deine Power? Bei uns findest du sie! #2023 steht f\u00fcr Wachstum [&hellip;]<\/p>\n","protected":false},"author":6,"featured_media":0,"parent":23122,"menu_order":0,"comment_status":"closed","ping_status":"closed","template":"","meta":{"_acf_changed":false,"footnotes":""},"class_list":["post-27771","page","type-page","status-publish","hentry"],"acf":[],"_links":{"self":[{"href":"https:\/\/www.hegelmann.com\/fr\/wp-json\/wp\/v2\/pages\/27771","targetHints":{"allow":["GET"]}}],"collection":[{"href":"https:\/\/www.hegelmann.com\/fr\/wp-json\/wp\/v2\/pages"}],"about":[{"href":"https:\/\/www.hegelmann.com\/fr\/wp-json\/wp\/v2\/types\/page"}],"author":[{"embeddable":true,"href":"https:\/\/www.hegelmann.com\/fr\/wp-json\/wp\/v2\/users\/6"}],"replies":[{"embeddable":true,"href":"https:\/\/www.hegelmann.com\/fr\/wp-json\/wp\/v2\/comments?post=27771"}],"version-history":[{"count":24,"href":"https:\/\/www.hegelmann.com\/fr\/wp-json\/wp\/v2\/pages\/27771\/revisions"}],"predecessor-version":[{"id":27823,"href":"https:\/\/www.hegelmann.com\/fr\/wp-json\/wp\/v2\/pages\/27771\/revisions\/27823"}],"up":[{"embeddable":true,"href":"https:\/\/www.hegelmann.com\/fr\/wp-json\/wp\/v2\/pages\/23122"}],"wp:attachment":[{"href":"https:\/\/www.hegelmann.com\/fr\/wp-json\/wp\/v2\/media?parent=27771"}],"curies":[{"name":"wp","href":"https:\/\/api.w.org\/{rel}","templated":true}]}}