{"id":25366,"date":"2022-09-07T09:56:08","date_gmt":"2022-09-07T07:56:08","guid":{"rendered":"https:\/\/www.hegelmann.com\/?page_id=25366"},"modified":"2022-09-07T10:03:04","modified_gmt":"2022-09-07T08:03:04","slug":"locations","status":"publish","type":"page","link":"https:\/\/www.hegelmann.com\/de\/our-company\/locations\/locations\/","title":{"rendered":"Locations"},"content":{"rendered":"<ul>\n<li>\n<p>40.5885,-6.81324<\/p>\n<h3>FUENTES DE O\u00d1ORO<\/h3>\n<\/li>\n<li>\n<p>49.1250,8.5530<\/p>\n<h3>BRUCHSAL<\/h3>\n<\/li>\n<li>\n<p>41.8756,-87.6244<\/p>\n<h3>Romeoville, IL<\/h3>\n<\/li>\n<li>\n<p>51.4818,7.21966<\/p>\n<h3>BOCHUM<\/h3>\n<\/li>\n<li>\n<p>59.4372,24.7454<\/p>\n<h3>TALLINN<\/h3>\n<\/li>\n<li>\n<p>56.9494,24.1052<\/p>\n<h3>R\u012aGA<\/h3>\n<\/li>\n<li>\n<p>55.9341,23.3158<\/p>\n<h3>\u0160IAULIAI<\/h3>\n<\/li>\n<li>\n<p>55.7128,21.135<\/p>\n<h3>KLAIPEDA<\/h3>\n<\/li>\n<li>\n<p>54.8982,23.9045<\/p>\n<h3>KAUNAS<\/h3>\n<\/li>\n<li>\n<p>54.687,25.2829<\/p>\n<h3>VILNIUS<\/h3>\n<\/li>\n<li>\n<p>43.6043,1.44199<\/p>\n<h3>TOULOUSE<\/h3>\n<\/li>\n<li>\n<p>46.8487,35.3676<\/p>\n<h3>MELITOPOL<\/h3>\n<\/li>\n<li>\n<p>46.4852,30.7434<\/p>\n<h3>ODESSA<\/h3>\n<\/li>\n<li>\n<p>50.45,30.5241<\/p>\n<h3>KYIV<\/h3>\n<\/li>\n<li>\n<p>47.0245,28.8323<\/p>\n<h3>CHI\u0218IN\u0102U<\/h3>\n<\/li>\n<li>\n<p>48.0858,25.9284<\/p>\n<h3>Hlyboka<\/h3>\n<\/li>\n<li>\n<p>49.842,24.0316<\/p>\n<h3>LVIV<\/h3>\n<\/li>\n<li>\n<p>54.3476,18.6452<\/p>\n<h3>GDANSK<\/h3>\n<\/li>\n<li>\n<p>52.2319,21.0067<\/p>\n<h3>WARSZAWA<\/h3>\n<\/li>\n<li>\n<p>52.4083,16.9335<\/p>\n<h3>POZNA\u0143<\/h3>\n<\/li>\n<li>\n<p>51.109,17.0327<\/p>\n<h3>WROC\u0141AW<\/h3>\n<\/li>\n<li>\n<p>50.812,19.1132<\/p>\n<h3>CZ\u0118STOCHOWA<\/h3>\n<\/li>\n<li>\n<p>50.2599,19.0216<\/p>\n<h3>KATOWICE<\/h3>\n<\/li>\n<li>\n<p>48.1482,17.1067<\/p>\n<h3>BRATISLAVA<\/h3>\n<\/li>\n<li>\n<p>50.0875,14.4213<\/p>\n<h3>PRAGUE<\/h3>\n<\/li>\n<li>\n<p>46.5898,14.0201<\/p>\n<h3>ROSEGG<\/h3>\n<\/li>\n<li>\n<p>51.4393,5.47863<\/p>\n<h3>Eindhoven<\/h3>\n<\/li>\n<li>\n<p>48.8546,2.34771<\/p>\n<h3>PARIS<\/h3>\n<\/li>\n<li>\n<p>46.7942,4.8163<\/p>\n<h3>CHATENOY LE ROYAL<\/h3>\n<\/li>\n<li>\n<p>43.6043,1.44199<\/p>\n<h3>TOULOUSE<\/h3>\n<\/li>\n<li>\n<p>25.1877,55.3031<\/p>\n<h3>DUBAI<\/h3>\n<\/li>\n<li>\n<p>38.9023,-75.4094<\/p>\n<h3>Milford, DE<\/h3>\n<\/li>\n<\/ul>\n<p><!--more--><br \/>\n<!-- {\"type\":\"layout\",\"children\":[{\"type\":\"section\",\"props\":{\"style\":\"default\",\"width\":\"\",\"vertical_align\":\"middle\",\"title_position\":\"top-left\",\"title_rotation\":\"left\",\"title_breakpoint\":\"xl\",\"image_position\":\"center-center\",\"padding\":\"none\",\"header_transparent\":\"light\",\"header_transparent_noplaceholder\":true},\"children\":[{\"type\":\"row\",\"children\":[{\"type\":\"column\",\"props\":{\"position_sticky_breakpoint\":\"m\",\"image_position\":\"center-center\",\"media_overlay_gradient\":\"\"},\"children\":[{\"type\":\"map\",\"props\":{\"show_title\":true,\"show_meta\":false,\"show_content\":false,\"show_image\":false,\"show_link\":false,\"type\":\"satellite\",\"zoom\":\"3\",\"controls\":true,\"zooming\":false,\"dragging\":true,\"min_zoom\":\"3\",\"max_zoom\":18,\"title_hover_style\":\"reset\",\"title_element\":\"h3\",\"meta_style\":\"meta\",\"meta_align\":\"below-title\",\"meta_element\":\"div\",\"image_svg_color\":\"emphasis\",\"link_text\":\"Read more\",\"link_style\":\"default\",\"margin\":\"remove-vertical\",\"viewport_height\":\"\",\"height\":\"700px\",\"marker_icon\":\"wp-content\\\/uploads\\\/2022\\\/02\\\/place.svg\",\"marker_icon_width\":\"40px\",\"marker_icon_height\":\"40px\",\"margin_remove_top\":true,\"margin_remove_bottom\":true,\"container_padding_remove\":true,\"position_top\":\"-100\",\"link_margin\":\"remove\",\"content_margin\":\"small\",\"attributes\":\"\",\"id\":\"frontpage-map\",\"styler_hue\":\"#428BC4\",\"clustering\":false,\"title_style\":\"h2\",\"title_color\":\"primary\"},\"children\":[{\"type\":\"map_item\",\"props\":{\"title\":\"FUENTES DE O\\u00d1ORO\",\"location\":\"40.5885,-6.81324\"}},{\"type\":\"map_item\",\"props\":{\"location\":\"49.1250,8.5530\",\"title\":\"BRUCHSAL\",\"content\":\"\",\"image\":\"\",\"meta\":\"\"}},{\"type\":\"map_item\",\"props\":{\"location\":\"41.8756,-87.6244\",\"title\":\"Romeoville, IL\"}},{\"type\":\"map_item\",\"props\":{\"location\":\"51.4818,7.21966\",\"title\":\"BOCHUM\"}},{\"type\":\"map_item\",\"props\":{\"title\":\"TALLINN\",\"location\":\"59.4372,24.7454\"}},{\"type\":\"map_item\",\"props\":{\"title\":\"R\\u012aGA\",\"location\":\"56.9494,24.1052\"}},{\"type\":\"map_item\",\"props\":{\"title\":\"\\u0160IAULIAI\",\"location\":\"55.9341,23.3158\"}},{\"type\":\"map_item\",\"props\":{\"location\":\"55.7128,21.135\",\"title\":\"KLAIPEDA\"}},{\"type\":\"map_item\",\"props\":{\"title\":\"KAUNAS\",\"location\":\"54.8982,23.9045\"}},{\"type\":\"map_item\",\"props\":{\"title\":\"VILNIUS\",\"location\":\"54.687,25.2829\"}},{\"type\":\"map_item\",\"props\":{\"title\":\"TOULOUSE\",\"location\":\"43.6043,1.44199\"}},{\"type\":\"map_item\",\"props\":{\"meta\":\"\",\"title\":\"MELITOPOL\",\"location\":\"46.8487,35.3676\"}},{\"type\":\"map_item\",\"props\":{\"location\":\"46.4852,30.7434\",\"title\":\"ODESSA\"}},{\"type\":\"map_item\",\"props\":{\"title\":\"KYIV\",\"location\":\"50.45,30.5241\"}},{\"type\":\"map_item\",\"props\":{\"location\":\"47.0245,28.8323\",\"title\":\"CHI\\u0218IN\\u0102U\"}},{\"type\":\"map_item\",\"props\":{\"location\":\"48.0858,25.9284\",\"title\":\"Hlyboka\"}},{\"type\":\"map_item\",\"props\":{\"location\":\"49.842,24.0316\",\"title\":\"LVIV\"}},{\"type\":\"map_item\",\"props\":{\"location\":\"54.3476,18.6452\",\"title\":\"GDANSK\"}},{\"type\":\"map_item\",\"props\":{\"location\":\"52.2319,21.0067\",\"title\":\"WARSZAWA\"}},{\"type\":\"map_item\",\"props\":{\"location\":\"52.4083,16.9335\",\"title\":\"POZNA\\u0143\"}},{\"type\":\"map_item\",\"props\":{\"title\":\"WROC\\u0141AW\",\"location\":\"51.109,17.0327\"}},{\"type\":\"map_item\",\"props\":{\"location\":\"50.812,19.1132\",\"title\":\"CZ\\u0118STOCHOWA\"}},{\"type\":\"map_item\",\"props\":{\"title\":\"KATOWICE\",\"location\":\"50.2599,19.0216\"}},{\"type\":\"map_item\",\"props\":{\"location\":\"48.1482,17.1067\",\"title\":\"BRATISLAVA\"}},{\"type\":\"map_item\",\"props\":{\"location\":\"50.0875,14.4213\",\"title\":\"PRAGUE\"}},{\"type\":\"map_item\",\"props\":{\"location\":\"46.5898,14.0201\",\"title\":\"ROSEGG\"}},{\"type\":\"map_item\",\"props\":{\"location\":\"51.4393,5.47863\",\"title\":\"Eindhoven\"}},{\"type\":\"map_item\",\"props\":{\"location\":\"48.8546,2.34771\",\"title\":\"PARIS\"}},{\"type\":\"map_item\",\"props\":{\"location\":\"46.7942,4.8163\",\"title\":\"CHATENOY LE ROYAL\"}},{\"type\":\"map_item\",\"props\":{\"title\":\"TOULOUSE\",\"location\":\"43.6043,1.44199\"}},{\"type\":\"map_item\",\"props\":{\"location\":\"25.1877,55.3031\",\"title\":\"DUBAI\"}},{\"type\":\"map_item\",\"props\":{\"location\":\"38.9023,-75.4094\",\"title\":\"Milford, DE\"}}],\"name\":\"220905_Hegelmann_Locations\"}]}]}]}],\"version\":\"2.7.25\",\"yooessentialsVersion\":\"1.7.4\"} --><\/p>\n","protected":false},"excerpt":{"rendered":"<p>40.5885,-6.81324 FUENTES DE O\u00d1ORO 49.1250,8.5530 BRUCHSAL 41.8756,-87.6244 Romeoville, IL 51.4818,7.21966 BOCHUM 59.4372,24.7454 TALLINN 56.9494,24.1052 R\u012aGA 55.9341,23.3158 \u0160IAULIAI 55.7128,21.135 KLAIPEDA 54.8982,23.9045 KAUNAS 54.687,25.2829 VILNIUS 43.6043,1.44199 TOULOUSE 46.8487,35.3676 MELITOPOL 46.4852,30.7434 ODESSA 50.45,30.5241 KYIV 47.0245,28.8323 CHI\u0218IN\u0102U 48.0858,25.9284 Hlyboka 49.842,24.0316 LVIV 54.3476,18.6452 GDANSK 52.2319,21.0067 WARSZAWA 52.4083,16.9335 POZNA\u0143 51.109,17.0327 WROC\u0141AW 50.812,19.1132 CZ\u0118STOCHOWA 50.2599,19.0216 KATOWICE 48.1482,17.1067 BRATISLAVA 50.0875,14.4213 PRAGUE 46.5898,14.0201 ROSEGG [&hellip;]<\/p>\n","protected":false},"author":6,"featured_media":0,"parent":22227,"menu_order":0,"comment_status":"closed","ping_status":"closed","template":"","meta":{"_acf_changed":false,"footnotes":""},"class_list":["post-25366","page","type-page","status-publish","hentry"],"acf":[],"_links":{"self":[{"href":"https:\/\/www.hegelmann.com\/de\/wp-json\/wp\/v2\/pages\/25366","targetHints":{"allow":["GET"]}}],"collection":[{"href":"https:\/\/www.hegelmann.com\/de\/wp-json\/wp\/v2\/pages"}],"about":[{"href":"https:\/\/www.hegelmann.com\/de\/wp-json\/wp\/v2\/types\/page"}],"author":[{"embeddable":true,"href":"https:\/\/www.hegelmann.com\/de\/wp-json\/wp\/v2\/users\/6"}],"replies":[{"embeddable":true,"href":"https:\/\/www.hegelmann.com\/de\/wp-json\/wp\/v2\/comments?post=25366"}],"version-history":[{"count":2,"href":"https:\/\/www.hegelmann.com\/de\/wp-json\/wp\/v2\/pages\/25366\/revisions"}],"predecessor-version":[{"id":25368,"href":"https:\/\/www.hegelmann.com\/de\/wp-json\/wp\/v2\/pages\/25366\/revisions\/25368"}],"up":[{"embeddable":true,"href":"https:\/\/www.hegelmann.com\/de\/wp-json\/wp\/v2\/pages\/22227"}],"wp:attachment":[{"href":"https:\/\/www.hegelmann.com\/de\/wp-json\/wp\/v2\/media?parent=25366"}],"curies":[{"name":"wp","href":"https:\/\/api.w.org\/{rel}","templated":true}]}}