{"id":37054,"date":"2025-01-30T13:25:26","date_gmt":"2025-01-30T12:25:26","guid":{"rendered":"https:\/\/www.hegelmann.com\/?page_id=37054"},"modified":"2025-01-30T13:57:42","modified_gmt":"2025-01-30T12:57:42","slug":"atcco","status":"publish","type":"page","link":"https:\/\/www.hegelmann.com\/cs\/atcco\/","title":{"rendered":"Atcco"},"content":{"rendered":"<div>\n<p>    <img decoding=\"async\" src=\"\/wp-content\/uploads\/2024\/04\/Main-section.jpg\" alt=\"trailer rental for business\"><\/p>\n<\/div>\n<h1>UAB Hegelmann Autotransporte<\/h1>\n<ul>\n<li>\n        <a href=\"https:\/\/www.hegelmann.com\/wp-content\/uploads\/2025\/01\/UAB-Hegelmann-Autotransporte-Code-of-Conduct.pdf\">Code of Conduct<\/a>\n    <\/li>\n<li>\n        <a href=\"https:\/\/www.hegelmann.com\/wp-content\/uploads\/2025\/01\/UAB-Hegelmann-Autotransporte-Etikos-taisykles.pdf\">Etikos taisykl\u0117s<\/a>\n    <\/li>\n<li>\n        <a href=\"https:\/\/www.hegelmann.com\/wp-content\/uploads\/2025\/01\/UAB-Hegelmann-Autotransporte-uzsakymo-salygos-LT-EN.pdf\">U\u017esakymo s\u0105lygos<\/a>\n    <\/li>\n<\/ul>\n<p><!--more--><br \/>\n<!-- {\"type\":\"layout\",\"children\":[{\"type\":\"section\",\"props\":{\"header_transparent\":true,\"header_transparent_noplaceholder\":true,\"header_transparent_text_color\":\"light\",\"image_position\":\"center-center\",\"padding\":\"none\",\"style\":\"default\",\"title_breakpoint\":\"xl\",\"title_position\":\"top-left\",\"title_rotation\":\"left\",\"vertical_align\":\"\",\"width\":\"\"},\"children\":[{\"type\":\"row\",\"children\":[{\"type\":\"column\",\"props\":{\"image_position\":\"center-center\",\"position_sticky_breakpoint\":\"m\"},\"children\":[{\"type\":\"slideshow\",\"props\":{\"container_padding_remove\":false,\"link_style\":\"default\",\"link_text\":\"Read more\",\"margin\":\"\",\"meta_align\":\"below-title\",\"meta_element\":\"div\",\"meta_style\":\"text-meta\",\"nav\":\"dotnav\",\"nav_align\":\"center\",\"nav_breakpoint\":\"s\",\"nav_position\":\"bottom-center\",\"nav_position_margin\":\"medium\",\"overlay_animation\":\"parallax\",\"overlay_position\":\"bottom-center\",\"show_content\":true,\"show_link\":true,\"show_meta\":true,\"show_thumbnail\":true,\"show_title\":true,\"slidenav\":\"\",\"slidenav_breakpoint\":\"s\",\"slidenav_margin\":\"medium\",\"slidenav_outside_breakpoint\":\"xl\",\"slideshow_autoplay\":true,\"slideshow_autoplay_pause\":false,\"slideshow_kenburns\":\"center-center\",\"slideshow_max_height\":\"650\",\"slideshow_min_height\":\"200\",\"thumbnav_height\":\"75\",\"thumbnav_svg_color\":\"emphasis\",\"thumbnav_width\":\"100\",\"title_element\":\"h1\"},\"children\":[{\"type\":\"slideshow_item\",\"props\":{\"image\":\"wp-content\\\/uploads\\\/2024\\\/04\\\/Main-section.jpg\",\"image_alt\":\"trailer rental for business\",\"text_color\":\"light\"}}]}]}]}],\"name\":\"220207_Titelbild\",\"modified\":\"2022-02-07T16:08:29.417Z\"},{\"type\":\"section\",\"props\":{\"image_position\":\"center-center\",\"style\":\"default\",\"title_breakpoint\":\"xl\",\"title_position\":\"top-left\",\"title_rotation\":\"left\",\"vertical_align\":\"middle\",\"width\":\"default\"},\"children\":[{\"type\":\"row\",\"children\":[{\"type\":\"column\",\"props\":{\"image_position\":\"center-center\",\"position_sticky_breakpoint\":\"m\"},\"children\":[{\"type\":\"headline\",\"props\":{\"content\":\"UAB Hegelmann Autotransporte\",\"title_element\":\"h1\"}},{\"type\":\"button\",\"props\":{\"grid_column_gap\":\"small\",\"grid_row_gap\":\"small\",\"margin\":\"default\"},\"children\":[{\"type\":\"button_item\",\"props\":{\"button_style\":\"default\",\"content\":\"Code of Conduct\",\"icon\":\"pull\",\"icon_align\":\"left\",\"link\":\"https:\\\/\\\/www.hegelmann.com\\\/wp-content\\\/uploads\\\/2025\\\/01\\\/UAB-Hegelmann-Autotransporte-Code-of-Conduct.pdf\",\"link_target\":\"blank\",\"link_title\":\"Code of Conduct\"}},{\"type\":\"button_item\",\"props\":{\"button_style\":\"default\",\"content\":\"Etikos taisykl\\u0117s\",\"icon\":\"pull\",\"icon_align\":\"left\",\"link\":\"https:\\\/\\\/www.hegelmann.com\\\/wp-content\\\/uploads\\\/2025\\\/01\\\/UAB-Hegelmann-Autotransporte-Etikos-taisykles.pdf\",\"link_target\":\"blank\",\"link_title\":\"Etikos taisykl\\u0117s\"}},{\"type\":\"button_item\",\"props\":{\"button_style\":\"default\",\"content\":\"U\\u017esakymo s\\u0105lygos\",\"icon\":\"pull\",\"icon_align\":\"left\",\"link\":\"https:\\\/\\\/www.hegelmann.com\\\/wp-content\\\/uploads\\\/2025\\\/01\\\/UAB-Hegelmann-Autotransporte-uzsakymo-salygos-LT-EN.pdf\",\"link_target\":\"blank\",\"link_title\":\"U\\u017esakymo s\\u0105lygos\"}}]}]}]}]}],\"version\":\"4.4.20\",\"yooessentialsVersion\":\"2.2.31\"} --><\/p>\n","protected":false},"excerpt":{"rendered":"<p>UAB Hegelmann Autotransporte Code of Conduct Etikos taisykl\u0117s U\u017esakymo s\u0105lygos<\/p>\n","protected":false},"author":6,"featured_media":0,"parent":0,"menu_order":0,"comment_status":"closed","ping_status":"closed","template":"","meta":{"_acf_changed":false,"footnotes":""},"class_list":["post-37054","page","type-page","status-publish","hentry"],"acf":[],"_links":{"self":[{"href":"https:\/\/www.hegelmann.com\/cs\/wp-json\/wp\/v2\/pages\/37054","targetHints":{"allow":["GET"]}}],"collection":[{"href":"https:\/\/www.hegelmann.com\/cs\/wp-json\/wp\/v2\/pages"}],"about":[{"href":"https:\/\/www.hegelmann.com\/cs\/wp-json\/wp\/v2\/types\/page"}],"author":[{"embeddable":true,"href":"https:\/\/www.hegelmann.com\/cs\/wp-json\/wp\/v2\/users\/6"}],"replies":[{"embeddable":true,"href":"https:\/\/www.hegelmann.com\/cs\/wp-json\/wp\/v2\/comments?post=37054"}],"version-history":[{"count":6,"href":"https:\/\/www.hegelmann.com\/cs\/wp-json\/wp\/v2\/pages\/37054\/revisions"}],"predecessor-version":[{"id":37063,"href":"https:\/\/www.hegelmann.com\/cs\/wp-json\/wp\/v2\/pages\/37054\/revisions\/37063"}],"wp:attachment":[{"href":"https:\/\/www.hegelmann.com\/cs\/wp-json\/wp\/v2\/media?parent=37054"}],"curies":[{"name":"wp","href":"https:\/\/api.w.org\/{rel}","templated":true}]}}