{"id":36628,"date":"2024-10-24T09:54:32","date_gmt":"2024-10-24T07:54:32","guid":{"rendered":"https:\/\/www.hegelmann.com\/?page_id=36628"},"modified":"2024-10-24T13:42:09","modified_gmt":"2024-10-24T11:42:09","slug":"profesionalus-sandeliavimas-e-komercijos-verslui","status":"publish","type":"page","link":"https:\/\/www.hegelmann.com\/cs\/profesionalus-sandeliavimas-e-komercijos-verslui\/","title":{"rendered":"Profesionalus sand\u0117liavimas e. komercijos verslui"},"content":{"rendered":"<div>\n<p>    <img decoding=\"async\" src=\"\/wp-content\/uploads\/2024\/10\/pakavimas.jpg\" alt=\"el. parduotuvei\"><\/p>\n<\/div>\n<h1>Sand\u0117liavimas ir Logistika e. komercijai<\/h1>\n<div>\n<p>J\u016bs\u0173 preki\u0173 kelias prasideda nuo j\u0173 atvykimo \u012f m\u016bs\u0173 sand\u0117l\u012f \u2013 \u010dia prek\u0117s patikrinamos ir tvarkingai sudedamos \u012f lentynas. Kiekvienas u\u017esakymas kruop\u0161\u010diai supakuojamas, atsi\u017evelgiant \u012f j\u016bs\u0173 e. parduotuv\u0117s specifikacijas, kad prek\u0117s b\u016bt\u0173 saugios transportuojant. Prek\u0117s taip pat pa\u017eenklinamos tinkamai identifikacijai ir skland\u017eiam u\u017esakymo \u012fvykdymui.<\/p>\n<\/div>\n<ul>\n<li>\n        <a href=\"https:\/\/www.hegelmann.com\/lt\/paslaugos\/sandeliavimas\/\">Sand\u0117liavimo paslaugos<\/a>\n    <\/li>\n<li>\n        <a href=\"\/services\/3pl-paslaugos\/\">3PL paslaugos<\/a>\n    <\/li>\n<\/ul>\n<h2>Sand\u0117lio paslaugos el. parduotuvei<\/h2>\n<div>\n<p>M\u016bs\u0173 logistikos centro komanda mielai pad\u0117s jums rasti tinkam\u0105 sprendim\u0105 j\u016bs\u0173 sand\u0117liavimo poreikiams.<\/p>\n<\/div>\n<ul>\n<li>\n        <a href=\"mailto:logistika.lt@hegelmann.com\">logistika.lt@hegelmann.com<\/a>\n    <\/li>\n<li>\n        <a href=\"tel:+37065704944 \">+370 65 704 944 <\/a>\n    <\/li>\n<\/ul>\n<div>\n<p>Pl\u0117tojate savo e. parduotuv\u0119? Ie\u0161kote patikimo partnerio, kuris pad\u0117t\u0173 efektyviai augti j\u016bs\u0173 verslui? Hegelmann Logistics pasir\u016bpins j\u016bs\u0173 preki\u0173 sand\u0117liavimu, siuntimu ir pristatymu, pad\u0117damas u\u017etikrinti j\u016bs\u0173 verslo pl\u0117tr\u0105.<\/p>\n<p>Sand\u0117liavimas ir atsarg\u0173 valdymas: Mes si\u016blome visapus\u0119 sand\u0117liavimo paslaug\u0105, \u012fskaitant preki\u0173 saugojim\u0105 ir atsarg\u0173 valdym\u0105. J\u016bs\u0173 prek\u0117s bus laikomos m\u016bs\u0173 moderniuose sand\u0117liuose, kur nuolat stebime j\u0173 liku\u010dius ir u\u017etikriname, kad viskas b\u016bt\u0173 organizuota ir tvarkinga.<\/p>\n<p>Nuo atsarg\u0173 valdymo iki greito ir patikimo u\u017esakym\u0173 \u012fvykdymo \u2013 m\u016bs\u0173 e. komercijos paslaugos u\u017etikrina, kad j\u016bs\u0173 prek\u0117s b\u016bt\u0173 tinkamai tvarkomos ir laiku pristatomos.<\/p>\n<\/div>\n<h1>Preki\u0173 rinkimas ir pakavimas:<\/h1>\n<div>\n<p>Kai j\u016bs\u0173 klientai pateikia u\u017esakymus, mes pasir\u016bpiname visais rinkimo ir pakavimo procesais. Kiekvienas u\u017esakymas supakuojamas pagal j\u016bs\u0173 e. parduotuv\u0117s reikalavimus, kad prek\u0117s b\u016bt\u0173 saugios ir pristatytos auk\u0161\u010diausia kokybe.<\/p>\n<\/div>\n<p><img decoding=\"async\" src=\"\/wp-content\/uploads\/2024\/10\/3pl-services-paslaugos-kaunas.jpg\" alt=\"paslaugos el-parduotuvei\"><br \/>\n<img decoding=\"async\" src=\"\/wp-content\/uploads\/2024\/10\/3pl-paslaugos.jpg\" alt=\"greitas pristatymas\"><\/p>\n<h1>Greitas ir patikimas pristatymas:<\/h1>\n<div>\n<p>U\u017etikriname greit\u0105 ir patikim\u0105 j\u016bs\u0173 preki\u0173 pristatym\u0105 visoje Lietuvoje. M\u016bs\u0173 efektyv\u016bs logistikos sprendimai padeda u\u017etikrinti, kad kiekviena prek\u0117 pasiekt\u0173 gav\u0117j\u0105 laiku, i\u0161laikant klient\u0173 pasitenkinim\u0105.<\/p>\n<\/div>\n<h1>Etike\u010di\u0173 klijavimas ir pakavimas:<\/h1>\n<div>\n<p>R\u016bpinam\u0117s, kad visos j\u016bs\u0173 prek\u0117s b\u016bt\u0173 tinkamai pa\u017eenklintos ir supakuotos pagal standartus. Teisingas etike\u010di\u0173 klijavimas ir pakavimas padeda skland\u017eiai vykdyti u\u017esakymus bei identifikuoti prekes transportavimo metu.<\/p>\n<\/div>\n<p><img decoding=\"async\" src=\"\/wp-content\/uploads\/2024\/10\/Lipduku-klijavimas.jpg\" alt=\"lipduku klijavimas pakavimas\"><\/p>\n<h2>Susisiekite:<\/h2>\n<div>\n<p>Kauno logistikos centro komanda mielai pad\u0117s jums rasti tinkam\u0105 sprendim\u0105 j\u016bs\u0173 sand\u0117liavimo poreikiams.<\/p>\n<\/div>\n<ul>\n<li>\n        <a href=\"mailto:logistika.lt@hegelmann.com\">logistika.lt@hegelmann.com<\/a>\n    <\/li>\n<li>\n        <a href=\"tel:+37065704944 \">+370 65 704 944 <\/a>\n    <\/li>\n<\/ul>\n<p><img decoding=\"async\" src=\"\/wp-content\/uploads\/2024\/06\/Hegelmann-Logistics_issore54.jpg\" alt=\"\"><\/p>\n<p><!--more--><br \/>\n<!-- {\"type\":\"layout\",\"children\":[{\"type\":\"section\",\"props\":{\"header_transparent\":true,\"header_transparent_noplaceholder\":true,\"header_transparent_text_color\":\"light\",\"image_position\":\"center-center\",\"overlap\":false,\"padding\":\"none\",\"style\":\"default\",\"title_breakpoint\":\"xl\",\"title_position\":\"top-left\",\"title_rotation\":\"left\",\"vertical_align\":\"\",\"width\":\"\"},\"children\":[{\"type\":\"row\",\"props\":{\"margin_remove_bottom\":true,\"margin_remove_top\":true},\"children\":[{\"type\":\"column\",\"props\":{\"image_position\":\"center-center\",\"position_sticky_breakpoint\":\"m\",\"width_medium\":\"1-1\"},\"children\":[{\"type\":\"slideshow\",\"props\":{\"class\":\"extra-wide\",\"content_margin\":\"small\",\"link_margin\":\"small\",\"link_style\":\"default\",\"link_text\":\"Find out more\",\"margin\":\"default\",\"margin_remove_bottom\":true,\"margin_remove_top\":true,\"meta_align\":\"below-title\",\"meta_element\":\"div\",\"meta_style\":\"text-meta\",\"nav\":\"dotnav\",\"nav_align\":\"center\",\"nav_breakpoint\":\"s\",\"nav_position\":\"bottom-center\",\"nav_position_margin\":\"medium\",\"overlay_animation\":\"parallax\",\"overlay_container\":\"large\",\"overlay_position\":\"bottom-right\",\"overlay_width\":\"large\",\"show_content\":true,\"show_link\":true,\"show_meta\":true,\"show_thumbnail\":true,\"show_title\":true,\"slidenav\":\"\",\"slidenav_breakpoint\":\"s\",\"slidenav_hover\":false,\"slidenav_large\":true,\"slidenav_margin\":\"medium\",\"slidenav_outside_breakpoint\":\"xl\",\"slideshow_autoplay\":true,\"slideshow_autoplay_pause\":true,\"slideshow_kenburns\":\"bottom-center\",\"slideshow_max_height\":\"700\",\"slideshow_min_height\":\"\",\"slideshow_ratio\":\"16:9\",\"text_align\":\"right\",\"text_color\":\"light\",\"thumbnav_height\":\"75\",\"thumbnav_svg_color\":\"emphasis\",\"thumbnav_width\":\"100\",\"title_element\":\"h3\",\"title_style\":\"h2\"},\"children\":[{\"type\":\"slideshow_item\",\"props\":{\"content\":\"\",\"image\":\"wp-content\\\/uploads\\\/2024\\\/10\\\/pakavimas.jpg\",\"image_alt\":\"el. parduotuvei\",\"title\":\"\"}}]}]}]}],\"name\":\"e-shopui\",\"modified\":\"2022-02-09T14:21:53.170Z\"},{\"type\":\"section\",\"props\":{\"image_position\":\"center-center\",\"style\":\"default\",\"title_breakpoint\":\"xl\",\"title_position\":\"top-left\",\"title_rotation\":\"left\",\"vertical_align\":\"\",\"width\":\"default\"},\"children\":[{\"type\":\"row\",\"props\":{\"layout\":\"1-2,1-2\"},\"children\":[{\"type\":\"column\",\"props\":{\"image_position\":\"center-center\",\"position_sticky_breakpoint\":\"m\",\"width_medium\":\"1-2\"},\"children\":[{\"type\":\"headline\",\"props\":{\"content\":\"Sand\\u0117liavimas ir Logistika e. komercijai\",\"content_de_de\":\"Lagerh\\u00e4user\",\"content_fr_ca\":\"Entreposage\",\"content_fr_fr\":\"Entreposage\",\"content_it_it\":\"Stoccaggio\",\"content_lt_lt\":\"Sand\\u0117liavimas\",\"content_pl_pl\":\"Magazynowanie i logistyka kontraktowa\",\"content_ru_ru\":\"\\u0421\\u043a\\u043b\\u0430\\u0434\\u0441\\u043a\\u043e\\u0435 \\u0445\\u043e\\u0437\\u044f\\u0439\\u0441\\u0442\\u0432\\u043e\",\"content_uk\":\"\\u0421\\u043a\\u043b\\u0430\\u0434\\u0441\\u044c\\u043a\\u0435 \\u0433\\u043e\\u0441\\u043f\\u043e\\u0434\\u0430\\u0440\\u0441\\u0442\\u0432\\u043e\",\"content_zh_cn\":\"\\u4ed3\\u5e93\",\"title_element\":\"h1\"}},{\"type\":\"text\",\"props\":{\"column_breakpoint\":\"m\",\"content\":\"\n\n<p>J\\u016bs\\u0173 preki\\u0173 kelias prasideda nuo j\\u0173 atvykimo \\u012f m\\u016bs\\u0173 sand\\u0117l\\u012f \\u2013 \\u010dia prek\\u0117s patikrinamos ir tvarkingai sudedamos \\u012f lentynas. Kiekvienas u\\u017esakymas kruop\\u0161\\u010diai supakuojamas, atsi\\u017evelgiant \\u012f j\\u016bs\\u0173 e. parduotuv\\u0117s specifikacijas, kad prek\\u0117s b\\u016bt\\u0173 saugios transportuojant. Prek\\u0117s taip pat pa\\u017eenklinamos tinkamai identifikacijai ir skland\\u017eiam u\\u017esakymo \\u012fvykdymui.<\\\/p>\",\"margin\":\"default\"}},{\"type\":\"button\",\"props\":{\"grid_column_gap\":\"small\",\"grid_row_gap\":\"small\",\"margin\":\"default\"},\"children\":[{\"type\":\"button_item\",\"props\":{\"button_style\":\"default\",\"content\":\"Sand\\u0117liavimo paslaugos\",\"icon_align\":\"left\",\"link\":\"https:\\\/\\\/www.hegelmann.com\\\/lt\\\/paslaugos\\\/sandeliavimas\\\/\",\"link_title\":\"Sand\\u0117liavimo paslaugos\"}},{\"type\":\"button_item\",\"props\":{\"button_style\":\"default\",\"content\":\"3PL paslaugos\",\"icon_align\":\"left\",\"link\":\"services\\\/3pl-paslaugos\\\/\",\"link_title\":\"3pl paslaugos\"}}]}]},{\"type\":\"column\",\"props\":{\"image\":\"wp-content\\\/uploads\\\/2022\\\/04\\\/2019-06-14-heg-org-3-Gros.jpg\",\"image_position\":\"center-center\",\"image_size\":\"cover\",\"media_overlay_gradient\":\"linear-gradient(40deg, rgba(0,48,135,0.8) 0%, rgba(0,48,135,0.8) 100%);\",\"padding\":\"small\",\"position_sticky_breakpoint\":\"m\",\"text_color\":\"light\",\"width_medium\":\"1-2\"},\"children\":[{\"type\":\"headline\",\"props\":{\"content\":\"Sand\\u0117lio paslaugos el. parduotuvei\",\"title_element\":\"h2\"}},{\"type\":\"text\",\"props\":{\"column_breakpoint\":\"m\",\"content\":\"\n\n<p>M\\u016bs\\u0173 logistikos centro komanda mielai pad\\u0117s jums rasti tinkam\\u0105 sprendim\\u0105 j\\u016bs\\u0173 sand\\u0117liavimo poreikiams.<\\\/p>\",\"content_uk\":\"\n\n<p><span>\\u041a\\u043e\\u043c\\u0430\\u043d\\u0434\\u0430 \\u043d\\u0430\\u0448\\u043e\\u0433\\u043e \\u043b\\u043e\\u0433\\u0456\\u0441\\u0442\\u0438\\u0447\\u043d\\u043e\\u0433\\u043e \\u0446\\u0435\\u043d\\u0442\\u0440\\u0443 \\u0437\\u0430\\u043b\\u044e\\u0431\\u043a\\u0438 \\u0434\\u043e\\u043f\\u043e\\u043c\\u043e\\u0436\\u0435 \\u0432\\u0430\\u043c \\u0437 \\u043f\\u043e\\u0448\\u0443\\u043a\\u043e\\u043c \\u043f\\u0440\\u0430\\u0432\\u0438\\u043b\\u044c\\u043d\\u043e\\u0433\\u043e \\u0440\\u0456\\u0448\\u0435\\u043d\\u043d\\u044f \\u0434\\u043b\\u044f \\u0432\\u0430\\u0448\\u0438\\u0445 \\u0441\\u043a\\u043b\\u0430\\u0434\\u0441\\u044c\\u043a\\u0438\\u0445 \\u043f\\u043e\\u0442\\u0440\\u0435\\u0431.<\\\/span><\\\/p>\",\"margin\":\"default\"}},{\"type\":\"button\",\"props\":{\"class\":\"click_warehouse_email\",\"grid_column_gap\":\"small\",\"grid_row_gap\":\"small\",\"margin\":\"default\"},\"children\":[{\"type\":\"button_item\",\"props\":{\"button_style\":\"default\",\"content\":\"logistika.lt@hegelmann.com\",\"content_pl_pl\":\"3pl@hegelmann.com\",\"icon\":\"mail\",\"icon_align\":\"left\",\"link\":\"mailto:logistika.lt@hegelmann.com\",\"link_pl_pl\":\"mailto:3pl@hegelmann.com\"}},{\"type\":\"button_item\",\"props\":{\"button_style\":\"default\",\"content\":\"+370 65 704 944 \",\"content_pl_pl\":\"+48 343 904 601\",\"icon\":\"receiver\",\"icon_align\":\"left\",\"link\":\"tel:+37065704944 \",\"link_pl_pl\":\"+48343904601\"}}]}]}]}],\"name\":\"susisiek\"},{\"type\":\"section\",\"props\":{\"image\":\"wp-content\\\/uploads\\\/2022\\\/04\\\/2019-06-14-heg-org-106-Gros.jpg\",\"image_position\":\"center-center\",\"image_size\":\"cover\",\"media_overlay_gradient\":\"linear-gradient(40deg, rgba(0,48,135,0.8) 0%, rgba(0,48,135,0.2) 100%);\",\"padding_remove_bottom\":false,\"style\":\"default\",\"title_breakpoint\":\"xl\",\"title_position\":\"top-left\",\"title_rotation\":\"left\",\"vertical_align\":\"\",\"width\":\"\"},\"children\":[{\"type\":\"row\",\"props\":{\"layout\":\"1-2,1-2\",\"margin\":\"remove-vertical\",\"margin_remove_bottom\":false,\"margin_remove_top\":false,\"width\":\"default\"},\"children\":[{\"type\":\"column\",\"props\":{\"image_position\":\"center-center\",\"position_sticky_breakpoint\":\"m\",\"text_color\":\"light\",\"width_medium\":\"1-2\"}},{\"type\":\"column\",\"props\":{\"image_position\":\"center-center\",\"padding\":\"small\",\"position_sticky_breakpoint\":\"m\",\"style\":\"card-default\",\"width_medium\":\"1-2\"},\"children\":[{\"type\":\"text\",\"props\":{\"column_breakpoint\":\"m\",\"content\":\"\n\n<p>Pl\\u0117tojate savo e. parduotuv\\u0119? Ie\\u0161kote patikimo partnerio, kuris pad\\u0117t\\u0173 efektyviai augti j\\u016bs\\u0173 verslui? Hegelmann Logistics pasir\\u016bpins j\\u016bs\\u0173 preki\\u0173 sand\\u0117liavimu, siuntimu ir pristatymu, pad\\u0117damas u\\u017etikrinti j\\u016bs\\u0173 verslo pl\\u0117tr\\u0105.<\\\/p>\\n\n\n<p>Sand\\u0117liavimas ir atsarg\\u0173 valdymas: Mes si\\u016blome visapus\\u0119 sand\\u0117liavimo paslaug\\u0105, \\u012fskaitant preki\\u0173 saugojim\\u0105 ir atsarg\\u0173 valdym\\u0105. J\\u016bs\\u0173 prek\\u0117s bus laikomos m\\u016bs\\u0173 moderniuose sand\\u0117liuose, kur nuolat stebime j\\u0173 liku\\u010dius ir u\\u017etikriname, kad viskas b\\u016bt\\u0173 organizuota ir tvarkinga.<\\\/p>\\n\n\n<p>Nuo atsarg\\u0173 valdymo iki greito ir patikimo u\\u017esakym\\u0173 \\u012fvykdymo \\u2013 m\\u016bs\\u0173 e. komercijos paslaugos u\\u017etikrina, kad j\\u016bs\\u0173 prek\\u0117s b\\u016bt\\u0173 tinkamai tvarkomos ir laiku pristatomos.<\\\/p>\",\"margin\":\"default\"}}]}]}],\"name\":\"about-section\"},{\"type\":\"section\",\"props\":{\"image_position\":\"center-center\",\"style\":\"muted\",\"title_breakpoint\":\"xl\",\"title_position\":\"top-left\",\"title_rotation\":\"left\",\"vertical_align\":\"middle\",\"width\":\"default\"},\"children\":[{\"type\":\"row\",\"props\":{\"layout\":\"1-2,1-2\"},\"children\":[{\"type\":\"column\",\"props\":{\"image_position\":\"center-center\",\"position_sticky_breakpoint\":\"m\",\"width_medium\":\"1-2\"},\"children\":[{\"type\":\"headline\",\"props\":{\"content\":\"Preki\\u0173 rinkimas ir pakavimas:\",\"title_element\":\"h1\"}},{\"type\":\"text\",\"props\":{\"column_breakpoint\":\"m\",\"content\":\"\n\n<p>Kai j\\u016bs\\u0173 klientai pateikia u\\u017esakymus, mes pasir\\u016bpiname visais rinkimo ir pakavimo procesais. Kiekvienas u\\u017esakymas supakuojamas pagal j\\u016bs\\u0173 e. parduotuv\\u0117s reikalavimus, kad prek\\u0117s b\\u016bt\\u0173 saugios ir pristatytos auk\\u0161\\u010diausia kokybe.<\\\/p>\",\"margin\":\"default\"}}]},{\"type\":\"column\",\"props\":{\"image_position\":\"center-center\",\"position_sticky_breakpoint\":\"m\",\"width_medium\":\"1-2\"},\"children\":[{\"type\":\"image\",\"props\":{\"image\":\"wp-content\\\/uploads\\\/2024\\\/10\\\/3pl-services-paslaugos-kaunas.jpg\",\"image_alt\":\"paslaugos el-parduotuvei\",\"image_svg_color\":\"emphasis\",\"margin\":\"default\",\"visibility\":\"m\"}}]}]}],\"name\":\"prekiu-rinkimas\"},{\"type\":\"section\",\"props\":{\"image_position\":\"center-center\",\"style\":\"default\",\"title_breakpoint\":\"xl\",\"title_position\":\"top-left\",\"title_rotation\":\"left\",\"vertical_align\":\"middle\",\"width\":\"default\"},\"children\":[{\"type\":\"row\",\"props\":{\"layout\":\"1-2,1-2\"},\"children\":[{\"type\":\"column\",\"props\":{\"image_position\":\"center-center\",\"position_sticky_breakpoint\":\"m\",\"width_medium\":\"1-2\"},\"children\":[{\"type\":\"image\",\"props\":{\"image\":\"wp-content\\\/uploads\\\/2024\\\/10\\\/3pl-paslaugos.jpg\",\"image_alt\":\"greitas pristatymas\",\"image_svg_color\":\"emphasis\",\"margin\":\"default\"}}]},{\"type\":\"column\",\"props\":{\"image_position\":\"center-center\",\"position_sticky_breakpoint\":\"m\",\"width_medium\":\"1-2\"},\"children\":[{\"type\":\"headline\",\"props\":{\"content\":\"Greitas ir patikimas pristatymas:\",\"title_element\":\"h1\"}},{\"type\":\"text\",\"props\":{\"column_breakpoint\":\"m\",\"content\":\"\n\n<p>U\\u017etikriname greit\\u0105 ir patikim\\u0105 j\\u016bs\\u0173 preki\\u0173 pristatym\\u0105 visoje Lietuvoje. M\\u016bs\\u0173 efektyv\\u016bs logistikos sprendimai padeda u\\u017etikrinti, kad kiekviena prek\\u0117 pasiekt\\u0173 gav\\u0117j\\u0105 laiku, i\\u0161laikant klient\\u0173 pasitenkinim\\u0105.<\\\/p>\",\"margin\":\"default\"}}]}]}],\"name\":\"greitas-patikimas\"},{\"type\":\"section\",\"props\":{\"image_position\":\"center-center\",\"style\":\"muted\",\"title_breakpoint\":\"xl\",\"title_position\":\"top-left\",\"title_rotation\":\"left\",\"vertical_align\":\"middle\",\"width\":\"default\"},\"children\":[{\"type\":\"row\",\"props\":{\"layout\":\"1-2,1-2\"},\"children\":[{\"type\":\"column\",\"props\":{\"image_position\":\"center-center\",\"position_sticky_breakpoint\":\"m\",\"width_medium\":\"1-2\"},\"children\":[{\"type\":\"headline\",\"props\":{\"content\":\"Etike\\u010di\\u0173 klijavimas ir pakavimas:\",\"title_element\":\"h1\"}},{\"type\":\"text\",\"props\":{\"column_breakpoint\":\"m\",\"content\":\"\n\n<p>R\\u016bpinam\\u0117s, kad visos j\\u016bs\\u0173 prek\\u0117s b\\u016bt\\u0173 tinkamai pa\\u017eenklintos ir supakuotos pagal standartus. Teisingas etike\\u010di\\u0173 klijavimas ir pakavimas padeda skland\\u017eiai vykdyti u\\u017esakymus bei identifikuoti prekes transportavimo metu.<\\\/p>\",\"margin\":\"default\"}}]},{\"type\":\"column\",\"props\":{\"image_position\":\"center-center\",\"position_sticky_breakpoint\":\"m\",\"width_medium\":\"1-2\"},\"children\":[{\"type\":\"image\",\"props\":{\"image\":\"wp-content\\\/uploads\\\/2024\\\/10\\\/Lipduku-klijavimas.jpg\",\"image_alt\":\"lipduku klijavimas pakavimas\",\"image_svg_color\":\"emphasis\",\"margin\":\"default\"}}]}]}],\"name\":\"prekiu-rinkimas\"},{\"type\":\"section\",\"props\":{\"image_position\":\"center-center\",\"style\":\"default\",\"title_breakpoint\":\"xl\",\"title_position\":\"top-left\",\"title_rotation\":\"left\",\"vertical_align\":\"middle\",\"width\":\"default\"},\"children\":[{\"type\":\"row\",\"props\":{\"layout\":\"1-2,1-2\"},\"children\":[{\"type\":\"column\",\"props\":{\"image_position\":\"center-center\",\"position_sticky_breakpoint\":\"m\",\"width_medium\":\"1-2\"},\"children\":[{\"type\":\"headline\",\"props\":{\"content\":\"Susisiekite:\",\"title_element\":\"h2\"}},{\"type\":\"text\",\"props\":{\"column_breakpoint\":\"m\",\"content\":\"\n\n<p>Kauno logistikos centro komanda mielai pad\\u0117s jums rasti tinkam\\u0105 sprendim\\u0105 j\\u016bs\\u0173 sand\\u0117liavimo poreikiams.<\\\/p>\",\"content_uk\":\"\n\n<p><span>\\u041a\\u043e\\u043c\\u0430\\u043d\\u0434\\u0430 \\u043d\\u0430\\u0448\\u043e\\u0433\\u043e \\u043b\\u043e\\u0433\\u0456\\u0441\\u0442\\u0438\\u0447\\u043d\\u043e\\u0433\\u043e \\u0446\\u0435\\u043d\\u0442\\u0440\\u0443 \\u0437\\u0430\\u043b\\u044e\\u0431\\u043a\\u0438 \\u0434\\u043e\\u043f\\u043e\\u043c\\u043e\\u0436\\u0435 \\u0432\\u0430\\u043c \\u0437 \\u043f\\u043e\\u0448\\u0443\\u043a\\u043e\\u043c \\u043f\\u0440\\u0430\\u0432\\u0438\\u043b\\u044c\\u043d\\u043e\\u0433\\u043e \\u0440\\u0456\\u0448\\u0435\\u043d\\u043d\\u044f \\u0434\\u043b\\u044f \\u0432\\u0430\\u0448\\u0438\\u0445 \\u0441\\u043a\\u043b\\u0430\\u0434\\u0441\\u044c\\u043a\\u0438\\u0445 \\u043f\\u043e\\u0442\\u0440\\u0435\\u0431.<\\\/span><\\\/p>\",\"margin\":\"default\"}},{\"type\":\"button\",\"props\":{\"class\":\"click_warehouse_email\",\"grid_column_gap\":\"small\",\"grid_row_gap\":\"small\",\"margin\":\"default\"},\"children\":[{\"type\":\"button_item\",\"props\":{\"button_style\":\"default\",\"content\":\"logistika.lt@hegelmann.com\",\"content_pl_pl\":\"3pl@hegelmann.com\",\"icon\":\"mail\",\"icon_align\":\"left\",\"link\":\"mailto:logistika.lt@hegelmann.com\",\"link_pl_pl\":\"mailto:3pl@hegelmann.com\"}},{\"type\":\"button_item\",\"props\":{\"button_style\":\"default\",\"content\":\"+370 65 704 944 \",\"content_pl_pl\":\"+48 343 904 601\",\"icon\":\"receiver\",\"icon_align\":\"left\",\"link\":\"tel:+37065704944 \",\"link_pl_pl\":\"+48343904601\"}}]}]},{\"type\":\"column\",\"props\":{\"image_position\":\"center-center\",\"position_sticky_breakpoint\":\"m\",\"width_medium\":\"1-2\"},\"children\":[{\"type\":\"image\",\"props\":{\"image\":\"wp-content\\\/uploads\\\/2024\\\/06\\\/Hegelmann-Logistics_issore54.jpg\",\"image_svg_color\":\"emphasis\",\"margin\":\"default\"}}]}]}],\"name\":\"contact-us-kaunas\"}],\"version\":\"4.4.10\",\"yooessentialsVersion\":\"2.2.22\"} --><\/p>\n","protected":false},"excerpt":{"rendered":"<p>Sand\u0117liavimas ir Logistika e. komercijai J\u016bs\u0173 preki\u0173 kelias prasideda nuo j\u0173 atvykimo \u012f m\u016bs\u0173 sand\u0117l\u012f \u2013 \u010dia prek\u0117s patikrinamos ir tvarkingai sudedamos \u012f lentynas. Kiekvienas u\u017esakymas kruop\u0161\u010diai supakuojamas, atsi\u017evelgiant \u012f j\u016bs\u0173 e. parduotuv\u0117s specifikacijas, kad prek\u0117s b\u016bt\u0173 saugios transportuojant. Prek\u0117s taip pat pa\u017eenklinamos tinkamai identifikacijai ir skland\u017eiam u\u017esakymo \u012fvykdymui. Sand\u0117liavimo paslaugos 3PL paslaugos Sand\u0117lio paslaugos [&hellip;]<\/p>\n","protected":false},"author":6,"featured_media":0,"parent":0,"menu_order":0,"comment_status":"closed","ping_status":"closed","template":"","meta":{"_acf_changed":false,"footnotes":""},"class_list":["post-36628","page","type-page","status-publish","hentry"],"acf":[],"_links":{"self":[{"href":"https:\/\/www.hegelmann.com\/cs\/wp-json\/wp\/v2\/pages\/36628","targetHints":{"allow":["GET"]}}],"collection":[{"href":"https:\/\/www.hegelmann.com\/cs\/wp-json\/wp\/v2\/pages"}],"about":[{"href":"https:\/\/www.hegelmann.com\/cs\/wp-json\/wp\/v2\/types\/page"}],"author":[{"embeddable":true,"href":"https:\/\/www.hegelmann.com\/cs\/wp-json\/wp\/v2\/users\/6"}],"replies":[{"embeddable":true,"href":"https:\/\/www.hegelmann.com\/cs\/wp-json\/wp\/v2\/comments?post=36628"}],"version-history":[{"count":10,"href":"https:\/\/www.hegelmann.com\/cs\/wp-json\/wp\/v2\/pages\/36628\/revisions"}],"predecessor-version":[{"id":36642,"href":"https:\/\/www.hegelmann.com\/cs\/wp-json\/wp\/v2\/pages\/36628\/revisions\/36642"}],"wp:attachment":[{"href":"https:\/\/www.hegelmann.com\/cs\/wp-json\/wp\/v2\/media?parent=36628"}],"curies":[{"name":"wp","href":"https:\/\/api.w.org\/{rel}","templated":true}]}}